{"id":1343,"date":"2025-12-10T21:41:15","date_gmt":"2025-12-10T21:41:15","guid":{"rendered":"https:\/\/lauthentique-barbershop-coloriste.com\/?page_id=1343"},"modified":"2026-02-24T15:33:58","modified_gmt":"2026-02-24T15:33:58","slug":"blog","status":"publish","type":"page","link":"https:\/\/lauthentique-barbershop-coloriste.com\/index.php\/blog\/","title":{"rendered":"Blog"},"content":{"rendered":"\t\t<div data-elementor-type=\"wp-page\" data-elementor-id=\"1343\" class=\"elementor elementor-1343\" data-elementor-post-type=\"page\">\n\t\t\t\t<div class=\"elementor-element elementor-element-0982cd2 e-flex e-con-boxed e-con e-parent\" data-id=\"0982cd2\" data-element_type=\"container\" data-e-type=\"container\" data-settings=\"{&quot;background_background&quot;:&quot;classic&quot;}\">\n\t\t\t\t\t<div class=\"e-con-inner\">\n\t\t\t\t<div class=\"elementor-element elementor-element-b77af21 elementor-widget elementor-widget-heading\" data-id=\"b77af21\" data-element_type=\"widget\" data-e-type=\"widget\" data-widget_type=\"heading.default\">\n\t\t\t\t\t<h2 class=\"elementor-heading-title elementor-size-default\">Toute l'actualit\u00e9 de l'Authentique<\/h2>\t\t\t\t<\/div>\n\t\t\t\t<div class=\"elementor-element elementor-element-d8a9df6 elementor-widget__width-inherit elementor-widget elementor-widget-text-editor\" data-id=\"d8a9df6\" data-element_type=\"widget\" data-e-type=\"widget\" data-widget_type=\"text-editor.default\">\n\t\t\t\t\t\t\t\t\t<p>Routine\u00a0 |\u00a0 Produits\u00a0 |\u00a0 Entretien\u00a0 |\u00a0 Tendances<\/p>\t\t\t\t\t\t\t\t<\/div>\n\t\t\t\t\t<\/div>\n\t\t\t\t<\/div>\n\t\t<div class=\"elementor-element elementor-element-dc8ed1a e-flex e-con-boxed e-con e-parent\" data-id=\"dc8ed1a\" data-element_type=\"container\" data-e-type=\"container\">\n\t\t\t\t\t<div class=\"e-con-inner\">\n\t\t\t\t<div class=\"elementor-element elementor-element-33dba66 elementor-grid-3 elementor-grid-tablet-2 elementor-grid-mobile-1 elementor-posts--thumbnail-top elementor-widget elementor-widget-posts\" data-id=\"33dba66\" data-element_type=\"widget\" data-e-type=\"widget\" data-settings=\"{&quot;classic_columns&quot;:&quot;3&quot;,&quot;classic_columns_tablet&quot;:&quot;2&quot;,&quot;classic_columns_mobile&quot;:&quot;1&quot;,&quot;classic_row_gap&quot;:{&quot;unit&quot;:&quot;px&quot;,&quot;size&quot;:35,&quot;sizes&quot;:[]},&quot;classic_row_gap_tablet&quot;:{&quot;unit&quot;:&quot;px&quot;,&quot;size&quot;:&quot;&quot;,&quot;sizes&quot;:[]},&quot;classic_row_gap_mobile&quot;:{&quot;unit&quot;:&quot;px&quot;,&quot;size&quot;:&quot;&quot;,&quot;sizes&quot;:[]}}\" data-widget_type=\"posts.classic\">\n\t\t\t\t<div class=\"elementor-widget-container\">\n\t\t\t\t\t\t\t<div class=\"elementor-posts-container elementor-posts elementor-posts--skin-classic elementor-grid\" role=\"list\">\n\t\t\t\t<article class=\"elementor-post elementor-grid-item post-1567 post type-post status-publish format-standard has-post-thumbnail hentry category-uncategorized\" role=\"listitem\">\n\t\t\t\t<a class=\"elementor-post__thumbnail__link\" href=\"https:\/\/lauthentique-barbershop-coloriste.com\/index.php\/2026\/02\/13\/lauthentique\/\" tabindex=\"-1\" >\n\t\t\t<div class=\"elementor-post__thumbnail\"><img decoding=\"async\" width=\"1\" height=\"1\" src=\"https:\/\/lauthentique-barbershop-coloriste.com\/wp-content\/uploads\/2026\/02\/coiffeur-chateaubriant-salon-de-coiffure-lauthentique-105.jpg\" class=\"attachment-medium size-medium wp-image-1495\" alt=\"L&#039;athentique, coiffeur, chateaubriant\" \/><\/div>\n\t\t<\/a>\n\t\t\t\t<div class=\"elementor-post__text\">\n\t\t\t\t<h2 class=\"elementor-post__title\">\n\t\t\t<a href=\"https:\/\/lauthentique-barbershop-coloriste.com\/index.php\/2026\/02\/13\/lauthentique\/\" >\n\t\t\t\tL&rsquo;AUTHENTIQUE\t\t\t<\/a>\n\t\t<\/h2>\n\t\t\t\t<div class=\"elementor-post__meta-data\">\n\t\t\t\t\t<span class=\"elementor-post-date\">\n\t\t\tf\u00e9vrier 13, 2026\t\t<\/span>\n\t\t\t\t<\/div>\n\t\t\t\t\t<div class=\"elementor-post__read-more-wrapper\">\n\t\t\n\t\t<a class=\"elementor-post__read-more\" href=\"https:\/\/lauthentique-barbershop-coloriste.com\/index.php\/2026\/02\/13\/lauthentique\/\" aria-label=\"En savoir plus sur L&rsquo;AUTHENTIQUE\" tabindex=\"-1\" >\n\t\t\tLire la suite &gt;\t\t<\/a>\n\n\t\t\t\t\t<\/div>\n\t\t\t\t<\/div>\n\t\t\t\t<\/article>\n\t\t\t\t<article class=\"elementor-post elementor-grid-item post-1430 post type-post status-publish format-standard has-post-thumbnail hentry category-uncategorized\" role=\"listitem\">\n\t\t\t\t<a class=\"elementor-post__thumbnail__link\" href=\"https:\/\/lauthentique-barbershop-coloriste.com\/index.php\/2025\/12\/11\/article-1-copy\/\" tabindex=\"-1\" >\n\t\t\t<div class=\"elementor-post__thumbnail\"><img fetchpriority=\"high\" decoding=\"async\" width=\"300\" height=\"225\" src=\"https:\/\/lauthentique-barbershop-coloriste.com\/wp-content\/uploads\/2025\/07\/IMG_3583-scaled-e1752243439763-300x225.jpg\" class=\"attachment-medium size-medium wp-image-10\" alt=\"salon-lauthentique-chateabriant\" srcset=\"https:\/\/lauthentique-barbershop-coloriste.com\/wp-content\/uploads\/2025\/07\/IMG_3583-scaled-e1752243439763-300x225.jpg 300w, https:\/\/lauthentique-barbershop-coloriste.com\/wp-content\/uploads\/2025\/07\/IMG_3583-scaled-e1752243439763-600x450.jpg 600w, https:\/\/lauthentique-barbershop-coloriste.com\/wp-content\/uploads\/2025\/07\/IMG_3583-scaled-e1752243439763-1024x768.jpg 1024w, https:\/\/lauthentique-barbershop-coloriste.com\/wp-content\/uploads\/2025\/07\/IMG_3583-scaled-e1752243439763-768x576.jpg 768w, https:\/\/lauthentique-barbershop-coloriste.com\/wp-content\/uploads\/2025\/07\/IMG_3583-scaled-e1752243439763-1536x1152.jpg 1536w, https:\/\/lauthentique-barbershop-coloriste.com\/wp-content\/uploads\/2025\/07\/IMG_3583-scaled-e1752243439763-2048x1536.jpg 2048w\" sizes=\"(max-width: 300px) 100vw, 300px\" \/><\/div>\n\t\t<\/a>\n\t\t\t\t<div class=\"elementor-post__text\">\n\t\t\t\t<h2 class=\"elementor-post__title\">\n\t\t\t<a href=\"https:\/\/lauthentique-barbershop-coloriste.com\/index.php\/2025\/12\/11\/article-1-copy\/\" >\n\t\t\t\tArticle 2\t\t\t<\/a>\n\t\t<\/h2>\n\t\t\t\t<div class=\"elementor-post__meta-data\">\n\t\t\t\t\t<span class=\"elementor-post-date\">\n\t\t\td\u00e9cembre 11, 2025\t\t<\/span>\n\t\t\t\t<\/div>\n\t\t\t\t\t<div class=\"elementor-post__read-more-wrapper\">\n\t\t\n\t\t<a class=\"elementor-post__read-more\" href=\"https:\/\/lauthentique-barbershop-coloriste.com\/index.php\/2025\/12\/11\/article-1-copy\/\" aria-label=\"En savoir plus sur Article 2\" tabindex=\"-1\" >\n\t\t\tLire la suite &gt;\t\t<\/a>\n\n\t\t\t\t\t<\/div>\n\t\t\t\t<\/div>\n\t\t\t\t<\/article>\n\t\t\t\t<article class=\"elementor-post elementor-grid-item post-1409 post type-post status-publish format-standard has-post-thumbnail hentry category-uncategorized\" role=\"listitem\">\n\t\t\t\t<a class=\"elementor-post__thumbnail__link\" href=\"https:\/\/lauthentique-barbershop-coloriste.com\/index.php\/2025\/12\/11\/article-1\/\" tabindex=\"-1\" >\n\t\t\t<div class=\"elementor-post__thumbnail\"><img decoding=\"async\" width=\"300\" height=\"200\" src=\"https:\/\/lauthentique-barbershop-coloriste.com\/wp-content\/uploads\/2026\/02\/coiffeur-chateaubriant-salon-de-coiffure-lauthentique-61-300x200.jpg\" class=\"attachment-medium size-medium wp-image-1487\" alt=\"coiffeur - chateaubriant - salon de coiffure - l&#039;authentique\" \/><\/div>\n\t\t<\/a>\n\t\t\t\t<div class=\"elementor-post__text\">\n\t\t\t\t<h2 class=\"elementor-post__title\">\n\t\t\t<a href=\"https:\/\/lauthentique-barbershop-coloriste.com\/index.php\/2025\/12\/11\/article-1\/\" >\n\t\t\t\tArticle 1\t\t\t<\/a>\n\t\t<\/h2>\n\t\t\t\t<div class=\"elementor-post__meta-data\">\n\t\t\t\t\t<span class=\"elementor-post-date\">\n\t\t\td\u00e9cembre 11, 2025\t\t<\/span>\n\t\t\t\t<\/div>\n\t\t\t\t\t<div class=\"elementor-post__read-more-wrapper\">\n\t\t\n\t\t<a class=\"elementor-post__read-more\" href=\"https:\/\/lauthentique-barbershop-coloriste.com\/index.php\/2025\/12\/11\/article-1\/\" aria-label=\"En savoir plus sur Article 1\" tabindex=\"-1\" >\n\t\t\tLire la suite &gt;\t\t<\/a>\n\n\t\t\t\t\t<\/div>\n\t\t\t\t<\/div>\n\t\t\t\t<\/article>\n\t\t\t\t<\/div>\n\t\t\n\t\t\t\t\t\t<\/div>\n\t\t\t\t<\/div>\n\t\t\t\t\t<\/div>\n\t\t\t\t<\/div>\n\t\t\t\t<\/div>\n\t\t","protected":false},"excerpt":{"rendered":"<p>Toute l&rsquo;actualit\u00e9<\/p>\n","protected":false},"author":1,"featured_media":0,"parent":0,"menu_order":0,"comment_status":"closed","ping_status":"closed","template":"elementor_header_footer","meta":{"footnotes":""},"class_list":["post-1343","page","type-page","status-publish","hentry"],"yoast_head":"<!-- This site is optimized with the Yoast SEO plugin v27.4 - https:\/\/yoast.com\/product\/yoast-seo-wordpress\/ -->\n<title>Blog - L&#039;authentique - Barbershop - Coloriste<\/title>\n<meta name=\"description\" content=\"Toute l&#039;actualit\u00e9 de l&#039;Authentique barber &amp; coloriste \u00e0 Ch\u00e2teaubriant. Routine | Produits | Entretien | Tendances.\" \/>\n<meta name=\"robots\" content=\"index, follow, max-snippet:-1, max-image-preview:large, max-video-preview:-1\" \/>\n<link rel=\"canonical\" href=\"https:\/\/lauthentique-barbershop-coloriste.com\/index.php\/blog\/\" \/>\n<meta property=\"og:locale\" content=\"fr_FR\" \/>\n<meta property=\"og:type\" content=\"article\" \/>\n<meta property=\"og:title\" content=\"Blog - L&#039;authentique - Barbershop - Coloriste\" \/>\n<meta property=\"og:description\" content=\"Toute l&#039;actualit\u00e9 de l&#039;Authentique barber &amp; coloriste \u00e0 Ch\u00e2teaubriant. Routine | Produits | Entretien | Tendances.\" \/>\n<meta property=\"og:url\" content=\"https:\/\/lauthentique-barbershop-coloriste.com\/index.php\/blog\/\" \/>\n<meta property=\"og:site_name\" content=\"L&#039;authentique - Barbershop - Coloriste\" \/>\n<meta property=\"article:modified_time\" content=\"2026-02-24T15:33:58+00:00\" \/>\n<meta name=\"twitter:card\" content=\"summary_large_image\" \/>\n<meta name=\"twitter:label1\" content=\"Dur\u00e9e de lecture estim\u00e9e\" \/>\n\t<meta name=\"twitter:data1\" content=\"1 minute\" \/>\n<script type=\"application\/ld+json\" class=\"yoast-schema-graph\">{\"@context\":\"https:\\\/\\\/schema.org\",\"@graph\":[{\"@type\":\"WebPage\",\"@id\":\"https:\\\/\\\/lauthentique-barbershop-coloriste.com\\\/index.php\\\/blog\\\/\",\"url\":\"https:\\\/\\\/lauthentique-barbershop-coloriste.com\\\/index.php\\\/blog\\\/\",\"name\":\"Blog - L&#039;authentique - Barbershop - Coloriste\",\"isPartOf\":{\"@id\":\"https:\\\/\\\/lauthentique-barbershop-coloriste.com\\\/#website\"},\"datePublished\":\"2025-12-10T21:41:15+00:00\",\"dateModified\":\"2026-02-24T15:33:58+00:00\",\"description\":\"Toute l'actualit\u00e9 de l'Authentique barber & coloriste \u00e0 Ch\u00e2teaubriant. Routine | Produits | Entretien | Tendances.\",\"breadcrumb\":{\"@id\":\"https:\\\/\\\/lauthentique-barbershop-coloriste.com\\\/index.php\\\/blog\\\/#breadcrumb\"},\"inLanguage\":\"fr-FR\",\"potentialAction\":[{\"@type\":\"ReadAction\",\"target\":[\"https:\\\/\\\/lauthentique-barbershop-coloriste.com\\\/index.php\\\/blog\\\/\"]}]},{\"@type\":\"BreadcrumbList\",\"@id\":\"https:\\\/\\\/lauthentique-barbershop-coloriste.com\\\/index.php\\\/blog\\\/#breadcrumb\",\"itemListElement\":[{\"@type\":\"ListItem\",\"position\":1,\"name\":\"Home\",\"item\":\"https:\\\/\\\/lauthentique-barbershop-coloriste.com\\\/\"},{\"@type\":\"ListItem\",\"position\":2,\"name\":\"Blog\"}]},{\"@type\":\"WebSite\",\"@id\":\"https:\\\/\\\/lauthentique-barbershop-coloriste.com\\\/#website\",\"url\":\"https:\\\/\\\/lauthentique-barbershop-coloriste.com\\\/\",\"name\":\"L&#039;authentique - Barbershop - Coloriste\",\"description\":\"\",\"publisher\":{\"@id\":\"https:\\\/\\\/lauthentique-barbershop-coloriste.com\\\/#organization\"},\"potentialAction\":[{\"@type\":\"SearchAction\",\"target\":{\"@type\":\"EntryPoint\",\"urlTemplate\":\"https:\\\/\\\/lauthentique-barbershop-coloriste.com\\\/?s={search_term_string}\"},\"query-input\":{\"@type\":\"PropertyValueSpecification\",\"valueRequired\":true,\"valueName\":\"search_term_string\"}}],\"inLanguage\":\"fr-FR\"},{\"@type\":\"Organization\",\"@id\":\"https:\\\/\\\/lauthentique-barbershop-coloriste.com\\\/#organization\",\"name\":\"L&#039;authentique - Barbershop - Coloriste\",\"url\":\"https:\\\/\\\/lauthentique-barbershop-coloriste.com\\\/\",\"logo\":{\"@type\":\"ImageObject\",\"inLanguage\":\"fr-FR\",\"@id\":\"https:\\\/\\\/lauthentique-barbershop-coloriste.com\\\/#\\\/schema\\\/logo\\\/image\\\/\",\"url\":\"https:\\\/\\\/lauthentique-barbershop-coloriste.com\\\/wp-content\\\/uploads\\\/2025\\\/07\\\/cropped-Modern-Brand-Name-Initials-Typography-Logo1-e1752238876590.png\",\"contentUrl\":\"https:\\\/\\\/lauthentique-barbershop-coloriste.com\\\/wp-content\\\/uploads\\\/2025\\\/07\\\/cropped-Modern-Brand-Name-Initials-Typography-Logo1-e1752238876590.png\",\"width\":424,\"height\":177,\"caption\":\"L&#039;authentique - Barbershop - Coloriste\"},\"image\":{\"@id\":\"https:\\\/\\\/lauthentique-barbershop-coloriste.com\\\/#\\\/schema\\\/logo\\\/image\\\/\"}}]}<\/script>\n<!-- \/ Yoast SEO plugin. -->","yoast_head_json":{"title":"Blog - L&#039;authentique - Barbershop - Coloriste","description":"Toute l'actualit\u00e9 de l'Authentique barber & coloriste \u00e0 Ch\u00e2teaubriant. Routine | Produits | Entretien | Tendances.","robots":{"index":"index","follow":"follow","max-snippet":"max-snippet:-1","max-image-preview":"max-image-preview:large","max-video-preview":"max-video-preview:-1"},"canonical":"https:\/\/lauthentique-barbershop-coloriste.com\/index.php\/blog\/","og_locale":"fr_FR","og_type":"article","og_title":"Blog - L&#039;authentique - Barbershop - Coloriste","og_description":"Toute l'actualit\u00e9 de l'Authentique barber & coloriste \u00e0 Ch\u00e2teaubriant. Routine | Produits | Entretien | Tendances.","og_url":"https:\/\/lauthentique-barbershop-coloriste.com\/index.php\/blog\/","og_site_name":"L&#039;authentique - Barbershop - Coloriste","article_modified_time":"2026-02-24T15:33:58+00:00","twitter_card":"summary_large_image","twitter_misc":{"Dur\u00e9e de lecture estim\u00e9e":"1 minute"},"schema":{"@context":"https:\/\/schema.org","@graph":[{"@type":"WebPage","@id":"https:\/\/lauthentique-barbershop-coloriste.com\/index.php\/blog\/","url":"https:\/\/lauthentique-barbershop-coloriste.com\/index.php\/blog\/","name":"Blog - L&#039;authentique - Barbershop - Coloriste","isPartOf":{"@id":"https:\/\/lauthentique-barbershop-coloriste.com\/#website"},"datePublished":"2025-12-10T21:41:15+00:00","dateModified":"2026-02-24T15:33:58+00:00","description":"Toute l'actualit\u00e9 de l'Authentique barber & coloriste \u00e0 Ch\u00e2teaubriant. Routine | Produits | Entretien | Tendances.","breadcrumb":{"@id":"https:\/\/lauthentique-barbershop-coloriste.com\/index.php\/blog\/#breadcrumb"},"inLanguage":"fr-FR","potentialAction":[{"@type":"ReadAction","target":["https:\/\/lauthentique-barbershop-coloriste.com\/index.php\/blog\/"]}]},{"@type":"BreadcrumbList","@id":"https:\/\/lauthentique-barbershop-coloriste.com\/index.php\/blog\/#breadcrumb","itemListElement":[{"@type":"ListItem","position":1,"name":"Home","item":"https:\/\/lauthentique-barbershop-coloriste.com\/"},{"@type":"ListItem","position":2,"name":"Blog"}]},{"@type":"WebSite","@id":"https:\/\/lauthentique-barbershop-coloriste.com\/#website","url":"https:\/\/lauthentique-barbershop-coloriste.com\/","name":"L&#039;authentique - Barbershop - Coloriste","description":"","publisher":{"@id":"https:\/\/lauthentique-barbershop-coloriste.com\/#organization"},"potentialAction":[{"@type":"SearchAction","target":{"@type":"EntryPoint","urlTemplate":"https:\/\/lauthentique-barbershop-coloriste.com\/?s={search_term_string}"},"query-input":{"@type":"PropertyValueSpecification","valueRequired":true,"valueName":"search_term_string"}}],"inLanguage":"fr-FR"},{"@type":"Organization","@id":"https:\/\/lauthentique-barbershop-coloriste.com\/#organization","name":"L&#039;authentique - Barbershop - Coloriste","url":"https:\/\/lauthentique-barbershop-coloriste.com\/","logo":{"@type":"ImageObject","inLanguage":"fr-FR","@id":"https:\/\/lauthentique-barbershop-coloriste.com\/#\/schema\/logo\/image\/","url":"https:\/\/lauthentique-barbershop-coloriste.com\/wp-content\/uploads\/2025\/07\/cropped-Modern-Brand-Name-Initials-Typography-Logo1-e1752238876590.png","contentUrl":"https:\/\/lauthentique-barbershop-coloriste.com\/wp-content\/uploads\/2025\/07\/cropped-Modern-Brand-Name-Initials-Typography-Logo1-e1752238876590.png","width":424,"height":177,"caption":"L&#039;authentique - Barbershop - Coloriste"},"image":{"@id":"https:\/\/lauthentique-barbershop-coloriste.com\/#\/schema\/logo\/image\/"}}]}},"jetpack_sharing_enabled":true,"_links":{"self":[{"href":"https:\/\/lauthentique-barbershop-coloriste.com\/index.php\/wp-json\/wp\/v2\/pages\/1343","targetHints":{"allow":["GET"]}}],"collection":[{"href":"https:\/\/lauthentique-barbershop-coloriste.com\/index.php\/wp-json\/wp\/v2\/pages"}],"about":[{"href":"https:\/\/lauthentique-barbershop-coloriste.com\/index.php\/wp-json\/wp\/v2\/types\/page"}],"author":[{"embeddable":true,"href":"https:\/\/lauthentique-barbershop-coloriste.com\/index.php\/wp-json\/wp\/v2\/users\/1"}],"replies":[{"embeddable":true,"href":"https:\/\/lauthentique-barbershop-coloriste.com\/index.php\/wp-json\/wp\/v2\/comments?post=1343"}],"version-history":[{"count":14,"href":"https:\/\/lauthentique-barbershop-coloriste.com\/index.php\/wp-json\/wp\/v2\/pages\/1343\/revisions"}],"predecessor-version":[{"id":2109,"href":"https:\/\/lauthentique-barbershop-coloriste.com\/index.php\/wp-json\/wp\/v2\/pages\/1343\/revisions\/2109"}],"wp:attachment":[{"href":"https:\/\/lauthentique-barbershop-coloriste.com\/index.php\/wp-json\/wp\/v2\/media?parent=1343"}],"curies":[{"name":"wp","href":"https:\/\/api.w.org\/{rel}","templated":true}]}}