{"id":1256,"date":"2025-08-17T13:34:05","date_gmt":"2025-08-17T13:34:05","guid":{"rendered":"https:\/\/lauthentique-barbershop-coloriste.com\/?post_type=product&#038;p=1256"},"modified":"2026-02-20T15:39:17","modified_gmt":"2026-02-20T15:39:17","slug":"shampooing-coup-de-frais-homme","status":"publish","type":"product","link":"https:\/\/lauthentique-barbershop-coloriste.com\/index.php\/product\/shampooing-coup-de-frais-homme\/","title":{"rendered":"Shampooing coup de frais"},"content":{"rendered":"<h3>SHAMPOOING LE COUP DE FRAIS<\/h3>\n<p>D\u00e9couvrez le Shampoing Le Coup De Frais de la gamme SWEO.M.<\/p>\n<p>SWEO vous pr\u00e9sente sa nouvelle gamme 100% homme et vous propose une s\u00e9lection de nouveaux produits adapt\u00e9s.<\/p>\n<p>Ce shampoing nettoie tout en douceur tous les types de cheveux. Il tonifie et rafra\u00eechit gr\u00e2ce au menthol contenu dans la composition.<\/p>\n<p>Le shampoing Le Coup De Frais est \u00e9galement fra\u00eechement parfum\u00e9 :<\/p>\n<p>&#8211; Note de t\u00eate : Menthol, citron<\/p>\n<p>&#8211; Note de c\u0153ur : Oud, coriandre, amyris<\/p>\n<p>&#8211; Note de fond : musc, cuir<\/p>\n<p>CONSEILS D&rsquo;UTILISATION de votre coiffeur :<\/p>\n<p>&#8211; Appliquer sur cheveux mouill\u00e9s<\/p>\n<p>&#8211; Masser puis rincer<\/p>\n<p>&#8211; \u00c9viter tout contact avec les yeux<\/p>\n<p>COMPOSITION :<\/p>\n<p>Aqua (Water), Sodium Laureth Sulfu Cocamidopropyl Betaine, Sodium Chloride, Parfum Fragrance), Cocamide DEA, Panthenol, Pantolactone Polyquaternium-10, Glycerin, Allium Cepa Bulb Extract Arginine, Menthol, Menthyl Lactate, Alcohol Denat. Phenoxyethanol, Benzoic Acid, Dehydroacetic Aod Sodium Hydroxide, Sodium Benzoate, Potassium Sorbate, Limonene, Linalool<\/p>\n","protected":false},"excerpt":{"rendered":"<div class=\"et_pb_module et_pb_wc_description et_pb_wc_description_0_tb_body et_pb_bg_layout_light et_pb_text_align_left\">\n<div class=\"et_pb_module_inner\">\n<p>D\u00e9couvrez sur mickaelcoiffeur.com ou au salon, le shampoing Le Coup De Frais de la nouvelle collection SWEO.M, adapt\u00e9 \u00e0 tous types de cheveux et qui rafra\u00eechit et tonifie le cuir chevelu tout en laissant un parfum d\u00e9licat.<\/p>\n<\/div>\n<\/div>\n<div class=\"et_pb_module et_pb_wc_add_to_cart et_pb_wc_add_to_cart_0_tb_body et_pb_fields_label_position_default et_pb_bg_layout_ et_pb_text_align_left\">\n<div class=\"et_pb_module_inner\">\n<form class=\"cart\" action=\"https:\/\/www.mickaelcoiffeur.com\/produit\/shampooing-le-coup-de-frais-sweo-m-500-ml-sweo\/\" enctype=\"multipart\/form-data\" method=\"post\">\n<div class=\"quantity\"><\/div>\n<\/form>\n<\/div>\n<\/div>\n","protected":false},"featured_media":945,"comment_status":"open","ping_status":"closed","template":"","meta":[],"product_brand":[27],"product_cat":[16],"product_tag":[],"class_list":{"0":"post-1256","1":"product","2":"type-product","3":"status-publish","4":"has-post-thumbnail","6":"product_brand-sweo","7":"product_cat-shampoings","9":"first","10":"instock","11":"taxable","12":"shipping-taxable","13":"purchasable","14":"product-type-simple"},"yoast_head":"<!-- This site is optimized with the Yoast SEO plugin v27.4 - https:\/\/yoast.com\/product\/yoast-seo-wordpress\/ -->\n<title>Shampooing coup de frais - L&#039;authentique - Barbershop - Coloriste<\/title>\n<meta name=\"description\" content=\"le shampoing Le Coup De Frais de SWEO.M, adapt\u00e9 \u00e0 tous types de cheveux et qui rafra\u00eechit et tonifie le cuir chevelu tout en laissant un parfum d\u00e9licat.\" \/>\n<meta name=\"robots\" content=\"index, follow, max-snippet:-1, max-image-preview:large, max-video-preview:-1\" \/>\n<link rel=\"canonical\" href=\"https:\/\/lauthentique-barbershop-coloriste.com\/index.php\/product\/shampooing-coup-de-frais-homme\/\" \/>\n<meta property=\"og:locale\" content=\"fr_FR\" \/>\n<meta property=\"og:type\" content=\"article\" \/>\n<meta property=\"og:title\" content=\"Shampooing coup de frais - L&#039;authentique - Barbershop - Coloriste\" \/>\n<meta property=\"og:description\" content=\"le shampoing Le Coup De Frais de SWEO.M, adapt\u00e9 \u00e0 tous types de cheveux et qui rafra\u00eechit et tonifie le cuir chevelu tout en laissant un parfum d\u00e9licat.\" \/>\n<meta property=\"og:url\" content=\"https:\/\/lauthentique-barbershop-coloriste.com\/index.php\/product\/shampooing-coup-de-frais-homme\/\" \/>\n<meta property=\"og:site_name\" content=\"L&#039;authentique - Barbershop - Coloriste\" \/>\n<meta property=\"article:modified_time\" content=\"2026-02-20T15:39:17+00:00\" \/>\n<meta property=\"og:image\" content=\"http:\/\/lauthentique-barbershop-coloriste.com\/wp-content\/uploads\/2025\/08\/SHAMPOOING__SWEO.-coiffure_500_ML_-_SWEO_1.webp\" \/>\n\t<meta property=\"og:image:width\" content=\"800\" \/>\n\t<meta property=\"og:image:height\" content=\"800\" \/>\n\t<meta property=\"og:image:type\" content=\"image\/webp\" \/>\n<meta name=\"twitter:card\" content=\"summary_large_image\" \/>\n<meta name=\"twitter:label1\" content=\"Dur\u00e9e de lecture estim\u00e9e\" \/>\n\t<meta name=\"twitter:data1\" content=\"1 minute\" \/>\n<script type=\"application\/ld+json\" class=\"yoast-schema-graph\">{\"@context\":\"https:\\\/\\\/schema.org\",\"@graph\":[{\"@type\":\"WebPage\",\"@id\":\"https:\\\/\\\/lauthentique-barbershop-coloriste.com\\\/index.php\\\/product\\\/shampooing-coup-de-frais-homme\\\/\",\"url\":\"https:\\\/\\\/lauthentique-barbershop-coloriste.com\\\/index.php\\\/product\\\/shampooing-coup-de-frais-homme\\\/\",\"name\":\"Shampooing coup de frais - L&#039;authentique - Barbershop - Coloriste\",\"isPartOf\":{\"@id\":\"https:\\\/\\\/lauthentique-barbershop-coloriste.com\\\/#website\"},\"primaryImageOfPage\":{\"@id\":\"https:\\\/\\\/lauthentique-barbershop-coloriste.com\\\/index.php\\\/product\\\/shampooing-coup-de-frais-homme\\\/#primaryimage\"},\"image\":{\"@id\":\"https:\\\/\\\/lauthentique-barbershop-coloriste.com\\\/index.php\\\/product\\\/shampooing-coup-de-frais-homme\\\/#primaryimage\"},\"thumbnailUrl\":\"https:\\\/\\\/lauthentique-barbershop-coloriste.com\\\/wp-content\\\/uploads\\\/2025\\\/08\\\/SHAMPOOING__SWEO.-coiffure_500_ML_-_SWEO_1.webp\",\"datePublished\":\"2025-08-17T13:34:05+00:00\",\"dateModified\":\"2026-02-20T15:39:17+00:00\",\"description\":\"le shampoing Le Coup De Frais de SWEO.M, adapt\u00e9 \u00e0 tous types de cheveux et qui rafra\u00eechit et tonifie le cuir chevelu tout en laissant un parfum d\u00e9licat.\",\"breadcrumb\":{\"@id\":\"https:\\\/\\\/lauthentique-barbershop-coloriste.com\\\/index.php\\\/product\\\/shampooing-coup-de-frais-homme\\\/#breadcrumb\"},\"inLanguage\":\"fr-FR\",\"potentialAction\":[{\"@type\":\"ReadAction\",\"target\":[\"https:\\\/\\\/lauthentique-barbershop-coloriste.com\\\/index.php\\\/product\\\/shampooing-coup-de-frais-homme\\\/\"]}]},{\"@type\":\"ImageObject\",\"inLanguage\":\"fr-FR\",\"@id\":\"https:\\\/\\\/lauthentique-barbershop-coloriste.com\\\/index.php\\\/product\\\/shampooing-coup-de-frais-homme\\\/#primaryimage\",\"url\":\"https:\\\/\\\/lauthentique-barbershop-coloriste.com\\\/wp-content\\\/uploads\\\/2025\\\/08\\\/SHAMPOOING__SWEO.-coiffure_500_ML_-_SWEO_1.webp\",\"contentUrl\":\"https:\\\/\\\/lauthentique-barbershop-coloriste.com\\\/wp-content\\\/uploads\\\/2025\\\/08\\\/SHAMPOOING__SWEO.-coiffure_500_ML_-_SWEO_1.webp\",\"width\":800,\"height\":800,\"caption\":\"SHAMPOOING__SWEO.- coiffure_500_ML_-_SWEO_1\"},{\"@type\":\"BreadcrumbList\",\"@id\":\"https:\\\/\\\/lauthentique-barbershop-coloriste.com\\\/index.php\\\/product\\\/shampooing-coup-de-frais-homme\\\/#breadcrumb\",\"itemListElement\":[{\"@type\":\"ListItem\",\"position\":1,\"name\":\"Home\",\"item\":\"https:\\\/\\\/lauthentique-barbershop-coloriste.com\\\/\"},{\"@type\":\"ListItem\",\"position\":2,\"name\":\"Tous les produits\",\"item\":\"https:\\\/\\\/lauthentique-barbershop-coloriste.com\\\/index.php\\\/tous-les-produits\\\/\"},{\"@type\":\"ListItem\",\"position\":3,\"name\":\"Shampooing coup de frais\"}]},{\"@type\":\"WebSite\",\"@id\":\"https:\\\/\\\/lauthentique-barbershop-coloriste.com\\\/#website\",\"url\":\"https:\\\/\\\/lauthentique-barbershop-coloriste.com\\\/\",\"name\":\"L&#039;authentique - Barbershop - Coloriste\",\"description\":\"\",\"publisher\":{\"@id\":\"https:\\\/\\\/lauthentique-barbershop-coloriste.com\\\/#organization\"},\"potentialAction\":[{\"@type\":\"SearchAction\",\"target\":{\"@type\":\"EntryPoint\",\"urlTemplate\":\"https:\\\/\\\/lauthentique-barbershop-coloriste.com\\\/?s={search_term_string}\"},\"query-input\":{\"@type\":\"PropertyValueSpecification\",\"valueRequired\":true,\"valueName\":\"search_term_string\"}}],\"inLanguage\":\"fr-FR\"},{\"@type\":\"Organization\",\"@id\":\"https:\\\/\\\/lauthentique-barbershop-coloriste.com\\\/#organization\",\"name\":\"L&#039;authentique - Barbershop - Coloriste\",\"url\":\"https:\\\/\\\/lauthentique-barbershop-coloriste.com\\\/\",\"logo\":{\"@type\":\"ImageObject\",\"inLanguage\":\"fr-FR\",\"@id\":\"https:\\\/\\\/lauthentique-barbershop-coloriste.com\\\/#\\\/schema\\\/logo\\\/image\\\/\",\"url\":\"https:\\\/\\\/lauthentique-barbershop-coloriste.com\\\/wp-content\\\/uploads\\\/2025\\\/07\\\/cropped-Modern-Brand-Name-Initials-Typography-Logo1-e1752238876590.png\",\"contentUrl\":\"https:\\\/\\\/lauthentique-barbershop-coloriste.com\\\/wp-content\\\/uploads\\\/2025\\\/07\\\/cropped-Modern-Brand-Name-Initials-Typography-Logo1-e1752238876590.png\",\"width\":424,\"height\":177,\"caption\":\"L&#039;authentique - Barbershop - Coloriste\"},\"image\":{\"@id\":\"https:\\\/\\\/lauthentique-barbershop-coloriste.com\\\/#\\\/schema\\\/logo\\\/image\\\/\"}}]}<\/script>\n<!-- \/ Yoast SEO plugin. -->","yoast_head_json":{"title":"Shampooing coup de frais - L&#039;authentique - Barbershop - Coloriste","description":"le shampoing Le Coup De Frais de SWEO.M, adapt\u00e9 \u00e0 tous types de cheveux et qui rafra\u00eechit et tonifie le cuir chevelu tout en laissant un parfum d\u00e9licat.","robots":{"index":"index","follow":"follow","max-snippet":"max-snippet:-1","max-image-preview":"max-image-preview:large","max-video-preview":"max-video-preview:-1"},"canonical":"https:\/\/lauthentique-barbershop-coloriste.com\/index.php\/product\/shampooing-coup-de-frais-homme\/","og_locale":"fr_FR","og_type":"article","og_title":"Shampooing coup de frais - L&#039;authentique - Barbershop - Coloriste","og_description":"le shampoing Le Coup De Frais de SWEO.M, adapt\u00e9 \u00e0 tous types de cheveux et qui rafra\u00eechit et tonifie le cuir chevelu tout en laissant un parfum d\u00e9licat.","og_url":"https:\/\/lauthentique-barbershop-coloriste.com\/index.php\/product\/shampooing-coup-de-frais-homme\/","og_site_name":"L&#039;authentique - Barbershop - Coloriste","article_modified_time":"2026-02-20T15:39:17+00:00","og_image":[{"width":800,"height":800,"url":"http:\/\/lauthentique-barbershop-coloriste.com\/wp-content\/uploads\/2025\/08\/SHAMPOOING__SWEO.-coiffure_500_ML_-_SWEO_1.webp","type":"image\/webp"}],"twitter_card":"summary_large_image","twitter_misc":{"Dur\u00e9e de lecture estim\u00e9e":"1 minute"},"schema":{"@context":"https:\/\/schema.org","@graph":[{"@type":"WebPage","@id":"https:\/\/lauthentique-barbershop-coloriste.com\/index.php\/product\/shampooing-coup-de-frais-homme\/","url":"https:\/\/lauthentique-barbershop-coloriste.com\/index.php\/product\/shampooing-coup-de-frais-homme\/","name":"Shampooing coup de frais - L&#039;authentique - Barbershop - Coloriste","isPartOf":{"@id":"https:\/\/lauthentique-barbershop-coloriste.com\/#website"},"primaryImageOfPage":{"@id":"https:\/\/lauthentique-barbershop-coloriste.com\/index.php\/product\/shampooing-coup-de-frais-homme\/#primaryimage"},"image":{"@id":"https:\/\/lauthentique-barbershop-coloriste.com\/index.php\/product\/shampooing-coup-de-frais-homme\/#primaryimage"},"thumbnailUrl":"https:\/\/lauthentique-barbershop-coloriste.com\/wp-content\/uploads\/2025\/08\/SHAMPOOING__SWEO.-coiffure_500_ML_-_SWEO_1.webp","datePublished":"2025-08-17T13:34:05+00:00","dateModified":"2026-02-20T15:39:17+00:00","description":"le shampoing Le Coup De Frais de SWEO.M, adapt\u00e9 \u00e0 tous types de cheveux et qui rafra\u00eechit et tonifie le cuir chevelu tout en laissant un parfum d\u00e9licat.","breadcrumb":{"@id":"https:\/\/lauthentique-barbershop-coloriste.com\/index.php\/product\/shampooing-coup-de-frais-homme\/#breadcrumb"},"inLanguage":"fr-FR","potentialAction":[{"@type":"ReadAction","target":["https:\/\/lauthentique-barbershop-coloriste.com\/index.php\/product\/shampooing-coup-de-frais-homme\/"]}]},{"@type":"ImageObject","inLanguage":"fr-FR","@id":"https:\/\/lauthentique-barbershop-coloriste.com\/index.php\/product\/shampooing-coup-de-frais-homme\/#primaryimage","url":"https:\/\/lauthentique-barbershop-coloriste.com\/wp-content\/uploads\/2025\/08\/SHAMPOOING__SWEO.-coiffure_500_ML_-_SWEO_1.webp","contentUrl":"https:\/\/lauthentique-barbershop-coloriste.com\/wp-content\/uploads\/2025\/08\/SHAMPOOING__SWEO.-coiffure_500_ML_-_SWEO_1.webp","width":800,"height":800,"caption":"SHAMPOOING__SWEO.- coiffure_500_ML_-_SWEO_1"},{"@type":"BreadcrumbList","@id":"https:\/\/lauthentique-barbershop-coloriste.com\/index.php\/product\/shampooing-coup-de-frais-homme\/#breadcrumb","itemListElement":[{"@type":"ListItem","position":1,"name":"Home","item":"https:\/\/lauthentique-barbershop-coloriste.com\/"},{"@type":"ListItem","position":2,"name":"Tous les produits","item":"https:\/\/lauthentique-barbershop-coloriste.com\/index.php\/tous-les-produits\/"},{"@type":"ListItem","position":3,"name":"Shampooing coup de frais"}]},{"@type":"WebSite","@id":"https:\/\/lauthentique-barbershop-coloriste.com\/#website","url":"https:\/\/lauthentique-barbershop-coloriste.com\/","name":"L&#039;authentique - Barbershop - Coloriste","description":"","publisher":{"@id":"https:\/\/lauthentique-barbershop-coloriste.com\/#organization"},"potentialAction":[{"@type":"SearchAction","target":{"@type":"EntryPoint","urlTemplate":"https:\/\/lauthentique-barbershop-coloriste.com\/?s={search_term_string}"},"query-input":{"@type":"PropertyValueSpecification","valueRequired":true,"valueName":"search_term_string"}}],"inLanguage":"fr-FR"},{"@type":"Organization","@id":"https:\/\/lauthentique-barbershop-coloriste.com\/#organization","name":"L&#039;authentique - Barbershop - Coloriste","url":"https:\/\/lauthentique-barbershop-coloriste.com\/","logo":{"@type":"ImageObject","inLanguage":"fr-FR","@id":"https:\/\/lauthentique-barbershop-coloriste.com\/#\/schema\/logo\/image\/","url":"https:\/\/lauthentique-barbershop-coloriste.com\/wp-content\/uploads\/2025\/07\/cropped-Modern-Brand-Name-Initials-Typography-Logo1-e1752238876590.png","contentUrl":"https:\/\/lauthentique-barbershop-coloriste.com\/wp-content\/uploads\/2025\/07\/cropped-Modern-Brand-Name-Initials-Typography-Logo1-e1752238876590.png","width":424,"height":177,"caption":"L&#039;authentique - Barbershop - Coloriste"},"image":{"@id":"https:\/\/lauthentique-barbershop-coloriste.com\/#\/schema\/logo\/image\/"}}]}},"jetpack_sharing_enabled":true,"_links":{"self":[{"href":"https:\/\/lauthentique-barbershop-coloriste.com\/index.php\/wp-json\/wp\/v2\/product\/1256","targetHints":{"allow":["GET"]}}],"collection":[{"href":"https:\/\/lauthentique-barbershop-coloriste.com\/index.php\/wp-json\/wp\/v2\/product"}],"about":[{"href":"https:\/\/lauthentique-barbershop-coloriste.com\/index.php\/wp-json\/wp\/v2\/types\/product"}],"replies":[{"embeddable":true,"href":"https:\/\/lauthentique-barbershop-coloriste.com\/index.php\/wp-json\/wp\/v2\/comments?post=1256"}],"wp:featuredmedia":[{"embeddable":true,"href":"https:\/\/lauthentique-barbershop-coloriste.com\/index.php\/wp-json\/wp\/v2\/media\/945"}],"wp:attachment":[{"href":"https:\/\/lauthentique-barbershop-coloriste.com\/index.php\/wp-json\/wp\/v2\/media?parent=1256"}],"wp:term":[{"taxonomy":"product_brand","embeddable":true,"href":"https:\/\/lauthentique-barbershop-coloriste.com\/index.php\/wp-json\/wp\/v2\/product_brand?post=1256"},{"taxonomy":"product_cat","embeddable":true,"href":"https:\/\/lauthentique-barbershop-coloriste.com\/index.php\/wp-json\/wp\/v2\/product_cat?post=1256"},{"taxonomy":"product_tag","embeddable":true,"href":"https:\/\/lauthentique-barbershop-coloriste.com\/index.php\/wp-json\/wp\/v2\/product_tag?post=1256"}],"curies":[{"name":"wp","href":"https:\/\/api.w.org\/{rel}","templated":true}]}}