{"id":1704,"date":"2026-02-20T11:12:46","date_gmt":"2026-02-20T11:12:46","guid":{"rendered":"https:\/\/lauthentique-barbershop-coloriste.com\/index.php\/product\/alterego-urban-proof-apres-shampooing-sans-rincage-150-ml\/"},"modified":"2026-04-05T18:55:11","modified_gmt":"2026-04-05T18:55:11","slug":"alterego-urban-proof-apres-shampooing-sans-rincage-150-ml","status":"publish","type":"product","link":"https:\/\/lauthentique-barbershop-coloriste.com\/index.php\/product\/alterego-urban-proof-apres-shampooing-sans-rincage-150-ml\/","title":{"rendered":"Alterego Urban Proof Apr\u00e8s-shampooing Sans Rin\u00e7age 150 ml"},"content":{"rendered":"<h2>Alterego Urban Proof Apr\u00e8s-shampooing Sans Rin\u00e7age 150 ml : produit professionnel coiffure et routine facile<\/h2>\n<p>Alterego Urban Proof Apr\u00e8s-shampooing Sans Rin\u00e7age 150 ml est une r\u00e9f\u00e9rence pens\u00e9e pour faciliter ta routine coiffure au quotidien. Le produit s\u2019utilise facilement et apporte un r\u00e9sultat propre, net et r\u00e9gulier. D\u00e8s la premi\u00e8re utilisation, le rendu reste ma\u00eetris\u00e9 et agr\u00e9able. Il s\u2019int\u00e8gre aussi dans une routine simple, rapide et efficace.<\/p>\n<p>En salon comme \u00e0 la maison, tu gagnes du temps et tu gardes un rendu soign\u00e9. De plus, l\u2019application progressive permet de doser pr\u00e9cis\u00e9ment selon la longueur et l\u2019\u00e9paisseur des cheveux. Pour compl\u00e9ter ta routine, d\u00e9couvre <a href=\"https:\/\/lauthentique-barbershop-coloriste.com\/index.php\/tous-les-produits\/\">notre s\u00e9lection de produits<\/a> et teste notre diagnostic personnalis\u00e9 pour savoir quel produit te correspondrait via <a href=\"#quiz-jyHWbeq\">la page diagnostic<\/a>.<\/p>\n<h3>Alterego Urban Proof\u00a0 150 ml : avantages au quotidien<\/h3>\n<p>Ainsi, tu obtiens une routine plus simple, une meilleure ma\u00eetrise et un confort d\u2019utilisation. Le geste est clair, le r\u00e9sultat est r\u00e9gulier, et tu gardes une finition soign\u00e9e. Cela aide aussi \u00e0 am\u00e9liorer l\u2019aspect global de la chevelure jour apr\u00e8s jour.<\/p>\n<h3>Conseils d\u2019utilisation<\/h3>\n<p>Commence avec une petite quantit\u00e9, puis ajuste selon ton besoin. Cette m\u00e9thode \u00e9vite la surcharge et donne un rendu plus naturel. Tu peux l\u2019utiliser seul ou l\u2019associer \u00e0 d\u2019autres produits compl\u00e9mentaires selon ton besoin.<\/p>\n<div class=\"info_art\">\n<table class=\"ref_art\">\n<tbody>\n<tr>\n<td>Composition<\/td>\n<td>Soin sans rin\u00e7age<\/td>\n<\/tr>\n<tr>\n<td>Poids \/ Contenance<\/td>\n<td>150 ml<\/td>\n<\/tr>\n<\/tbody>\n<\/table>\n<\/div>\n","protected":false},"excerpt":{"rendered":"<p>Soin sans rin\u00e7age Alterego Urban Proof Apr\u00e8s-shampooing Sans Rin\u00e7age 150 ml id\u00e9al pour hydrater, discipliner et faciliter le coiffage au quotidien.<\/p>\n<p>\u2013 Aide \u00e0 d\u00e9m\u00ealer et \u00e0 limiter les frisottis.<br \/>\n\u2013 Laisse les cheveux souples et plus faciles \u00e0 coiffer.<br \/>\n\u2013 Parfait pour une routine simple, en salon ou \u00e0 la maison.<\/p>\n","protected":false},"featured_media":2234,"comment_status":"open","ping_status":"closed","template":"","meta":[],"product_brand":[28],"product_cat":[61,76],"product_tag":[],"class_list":{"0":"post-1704","1":"product","2":"type-product","3":"status-publish","4":"has-post-thumbnail","6":"product_brand-alterego","7":"product_cat-soins","8":"product_cat-tous-les-soins-2","10":"first","11":"instock","12":"taxable","13":"shipping-taxable","14":"purchasable","15":"product-type-simple"},"yoast_head":"<!-- This site is optimized with the Yoast SEO plugin v27.4 - https:\/\/yoast.com\/product\/yoast-seo-wordpress\/ -->\n<title>Alterego Urban Proof Apr\u00e8s-shampooing Sans Rin\u00e7age 150 ml -<\/title>\n<meta name=\"description\" content=\"Alterego Urban Proof Apr\u00e8s-shampooing Sans Rin\u00e7age 150 ml. Routine simple, r\u00e9sultat net et confortable au quotidien. Livraison rapide et conseils en salon.\" \/>\n<meta name=\"robots\" content=\"index, follow, max-snippet:-1, max-image-preview:large, max-video-preview:-1\" \/>\n<link rel=\"canonical\" href=\"https:\/\/lauthentique-barbershop-coloriste.com\/index.php\/product\/alterego-urban-proof-apres-shampooing-sans-rincage-150-ml\/\" \/>\n<meta property=\"og:locale\" content=\"fr_FR\" \/>\n<meta property=\"og:type\" content=\"article\" \/>\n<meta property=\"og:title\" content=\"Alterego Urban Proof Apr\u00e8s-shampooing Sans Rin\u00e7age 150 ml -\" \/>\n<meta property=\"og:description\" content=\"Alterego Urban Proof Apr\u00e8s-shampooing Sans Rin\u00e7age 150 ml. Routine simple, r\u00e9sultat net et confortable au quotidien. Livraison rapide et conseils en salon.\" \/>\n<meta property=\"og:url\" content=\"https:\/\/lauthentique-barbershop-coloriste.com\/index.php\/product\/alterego-urban-proof-apres-shampooing-sans-rincage-150-ml\/\" \/>\n<meta property=\"og:site_name\" content=\"L&#039;authentique - Barbershop - Coloriste\" \/>\n<meta property=\"article:modified_time\" content=\"2026-04-05T18:55:11+00:00\" \/>\n<meta property=\"og:image\" content=\"http:\/\/lauthentique-barbershop-coloriste.com\/wp-content\/uploads\/2026\/02\/produits-sweo-alter-ego-coiffure-les-secrets-de-loly-20.jpg\" \/>\n\t<meta property=\"og:image:width\" content=\"1\" \/>\n\t<meta property=\"og:image:height\" content=\"1\" \/>\n\t<meta property=\"og:image:type\" content=\"image\/jpeg\" \/>\n<meta name=\"twitter:card\" content=\"summary_large_image\" \/>\n<meta name=\"twitter:label1\" content=\"Dur\u00e9e de lecture estim\u00e9e\" \/>\n\t<meta name=\"twitter:data1\" content=\"2 minutes\" \/>\n<script type=\"application\/ld+json\" class=\"yoast-schema-graph\">{\"@context\":\"https:\\\/\\\/schema.org\",\"@graph\":[{\"@type\":\"WebPage\",\"@id\":\"https:\\\/\\\/lauthentique-barbershop-coloriste.com\\\/index.php\\\/product\\\/alterego-urban-proof-apres-shampooing-sans-rincage-150-ml\\\/\",\"url\":\"https:\\\/\\\/lauthentique-barbershop-coloriste.com\\\/index.php\\\/product\\\/alterego-urban-proof-apres-shampooing-sans-rincage-150-ml\\\/\",\"name\":\"Alterego Urban Proof Apr\u00e8s-shampooing Sans Rin\u00e7age 150 ml -\",\"isPartOf\":{\"@id\":\"https:\\\/\\\/lauthentique-barbershop-coloriste.com\\\/#website\"},\"primaryImageOfPage\":{\"@id\":\"https:\\\/\\\/lauthentique-barbershop-coloriste.com\\\/index.php\\\/product\\\/alterego-urban-proof-apres-shampooing-sans-rincage-150-ml\\\/#primaryimage\"},\"image\":{\"@id\":\"https:\\\/\\\/lauthentique-barbershop-coloriste.com\\\/index.php\\\/product\\\/alterego-urban-proof-apres-shampooing-sans-rincage-150-ml\\\/#primaryimage\"},\"thumbnailUrl\":\"https:\\\/\\\/lauthentique-barbershop-coloriste.com\\\/wp-content\\\/uploads\\\/2026\\\/02\\\/produits-sweo-alter-ego-coiffure-les-secrets-de-loly-20.jpg\",\"datePublished\":\"2026-02-20T11:12:46+00:00\",\"dateModified\":\"2026-04-05T18:55:11+00:00\",\"description\":\"Alterego Urban Proof Apr\u00e8s-shampooing Sans Rin\u00e7age 150 ml. Routine simple, r\u00e9sultat net et confortable au quotidien. Livraison rapide et conseils en salon.\",\"breadcrumb\":{\"@id\":\"https:\\\/\\\/lauthentique-barbershop-coloriste.com\\\/index.php\\\/product\\\/alterego-urban-proof-apres-shampooing-sans-rincage-150-ml\\\/#breadcrumb\"},\"inLanguage\":\"fr-FR\",\"potentialAction\":[{\"@type\":\"ReadAction\",\"target\":[\"https:\\\/\\\/lauthentique-barbershop-coloriste.com\\\/index.php\\\/product\\\/alterego-urban-proof-apres-shampooing-sans-rincage-150-ml\\\/\"]}]},{\"@type\":\"ImageObject\",\"inLanguage\":\"fr-FR\",\"@id\":\"https:\\\/\\\/lauthentique-barbershop-coloriste.com\\\/index.php\\\/product\\\/alterego-urban-proof-apres-shampooing-sans-rincage-150-ml\\\/#primaryimage\",\"url\":\"https:\\\/\\\/lauthentique-barbershop-coloriste.com\\\/wp-content\\\/uploads\\\/2026\\\/02\\\/produits-sweo-alter-ego-coiffure-les-secrets-de-loly-20.jpg\",\"contentUrl\":\"https:\\\/\\\/lauthentique-barbershop-coloriste.com\\\/wp-content\\\/uploads\\\/2026\\\/02\\\/produits-sweo-alter-ego-coiffure-les-secrets-de-loly-20.jpg\",\"caption\":\"alter ego - l'authentique - apres shampoing\"},{\"@type\":\"BreadcrumbList\",\"@id\":\"https:\\\/\\\/lauthentique-barbershop-coloriste.com\\\/index.php\\\/product\\\/alterego-urban-proof-apres-shampooing-sans-rincage-150-ml\\\/#breadcrumb\",\"itemListElement\":[{\"@type\":\"ListItem\",\"position\":1,\"name\":\"Home\",\"item\":\"https:\\\/\\\/lauthentique-barbershop-coloriste.com\\\/\"},{\"@type\":\"ListItem\",\"position\":2,\"name\":\"Tous les produits\",\"item\":\"https:\\\/\\\/lauthentique-barbershop-coloriste.com\\\/index.php\\\/tous-les-produits\\\/\"},{\"@type\":\"ListItem\",\"position\":3,\"name\":\"Alterego Urban Proof Apr\u00e8s-shampooing Sans Rin\u00e7age 150 ml\"}]},{\"@type\":\"WebSite\",\"@id\":\"https:\\\/\\\/lauthentique-barbershop-coloriste.com\\\/#website\",\"url\":\"https:\\\/\\\/lauthentique-barbershop-coloriste.com\\\/\",\"name\":\"L&#039;authentique - Barbershop - Coloriste\",\"description\":\"\",\"publisher\":{\"@id\":\"https:\\\/\\\/lauthentique-barbershop-coloriste.com\\\/#organization\"},\"potentialAction\":[{\"@type\":\"SearchAction\",\"target\":{\"@type\":\"EntryPoint\",\"urlTemplate\":\"https:\\\/\\\/lauthentique-barbershop-coloriste.com\\\/?s={search_term_string}\"},\"query-input\":{\"@type\":\"PropertyValueSpecification\",\"valueRequired\":true,\"valueName\":\"search_term_string\"}}],\"inLanguage\":\"fr-FR\"},{\"@type\":\"Organization\",\"@id\":\"https:\\\/\\\/lauthentique-barbershop-coloriste.com\\\/#organization\",\"name\":\"L&#039;authentique - Barbershop - Coloriste\",\"url\":\"https:\\\/\\\/lauthentique-barbershop-coloriste.com\\\/\",\"logo\":{\"@type\":\"ImageObject\",\"inLanguage\":\"fr-FR\",\"@id\":\"https:\\\/\\\/lauthentique-barbershop-coloriste.com\\\/#\\\/schema\\\/logo\\\/image\\\/\",\"url\":\"https:\\\/\\\/lauthentique-barbershop-coloriste.com\\\/wp-content\\\/uploads\\\/2025\\\/07\\\/cropped-Modern-Brand-Name-Initials-Typography-Logo1-e1752238876590.png\",\"contentUrl\":\"https:\\\/\\\/lauthentique-barbershop-coloriste.com\\\/wp-content\\\/uploads\\\/2025\\\/07\\\/cropped-Modern-Brand-Name-Initials-Typography-Logo1-e1752238876590.png\",\"width\":424,\"height\":177,\"caption\":\"L&#039;authentique - Barbershop - Coloriste\"},\"image\":{\"@id\":\"https:\\\/\\\/lauthentique-barbershop-coloriste.com\\\/#\\\/schema\\\/logo\\\/image\\\/\"}}]}<\/script>\n<!-- \/ Yoast SEO plugin. -->","yoast_head_json":{"title":"Alterego Urban Proof Apr\u00e8s-shampooing Sans Rin\u00e7age 150 ml -","description":"Alterego Urban Proof Apr\u00e8s-shampooing Sans Rin\u00e7age 150 ml. Routine simple, r\u00e9sultat net et confortable au quotidien. Livraison rapide et conseils en salon.","robots":{"index":"index","follow":"follow","max-snippet":"max-snippet:-1","max-image-preview":"max-image-preview:large","max-video-preview":"max-video-preview:-1"},"canonical":"https:\/\/lauthentique-barbershop-coloriste.com\/index.php\/product\/alterego-urban-proof-apres-shampooing-sans-rincage-150-ml\/","og_locale":"fr_FR","og_type":"article","og_title":"Alterego Urban Proof Apr\u00e8s-shampooing Sans Rin\u00e7age 150 ml -","og_description":"Alterego Urban Proof Apr\u00e8s-shampooing Sans Rin\u00e7age 150 ml. Routine simple, r\u00e9sultat net et confortable au quotidien. Livraison rapide et conseils en salon.","og_url":"https:\/\/lauthentique-barbershop-coloriste.com\/index.php\/product\/alterego-urban-proof-apres-shampooing-sans-rincage-150-ml\/","og_site_name":"L&#039;authentique - Barbershop - Coloriste","article_modified_time":"2026-04-05T18:55:11+00:00","og_image":[{"url":"http:\/\/lauthentique-barbershop-coloriste.com\/wp-content\/uploads\/2026\/02\/produits-sweo-alter-ego-coiffure-les-secrets-de-loly-20.jpg","width":1,"height":1,"type":"image\/jpeg"}],"twitter_card":"summary_large_image","twitter_misc":{"Dur\u00e9e de lecture estim\u00e9e":"2 minutes"},"schema":{"@context":"https:\/\/schema.org","@graph":[{"@type":"WebPage","@id":"https:\/\/lauthentique-barbershop-coloriste.com\/index.php\/product\/alterego-urban-proof-apres-shampooing-sans-rincage-150-ml\/","url":"https:\/\/lauthentique-barbershop-coloriste.com\/index.php\/product\/alterego-urban-proof-apres-shampooing-sans-rincage-150-ml\/","name":"Alterego Urban Proof Apr\u00e8s-shampooing Sans Rin\u00e7age 150 ml -","isPartOf":{"@id":"https:\/\/lauthentique-barbershop-coloriste.com\/#website"},"primaryImageOfPage":{"@id":"https:\/\/lauthentique-barbershop-coloriste.com\/index.php\/product\/alterego-urban-proof-apres-shampooing-sans-rincage-150-ml\/#primaryimage"},"image":{"@id":"https:\/\/lauthentique-barbershop-coloriste.com\/index.php\/product\/alterego-urban-proof-apres-shampooing-sans-rincage-150-ml\/#primaryimage"},"thumbnailUrl":"https:\/\/lauthentique-barbershop-coloriste.com\/wp-content\/uploads\/2026\/02\/produits-sweo-alter-ego-coiffure-les-secrets-de-loly-20.jpg","datePublished":"2026-02-20T11:12:46+00:00","dateModified":"2026-04-05T18:55:11+00:00","description":"Alterego Urban Proof Apr\u00e8s-shampooing Sans Rin\u00e7age 150 ml. Routine simple, r\u00e9sultat net et confortable au quotidien. Livraison rapide et conseils en salon.","breadcrumb":{"@id":"https:\/\/lauthentique-barbershop-coloriste.com\/index.php\/product\/alterego-urban-proof-apres-shampooing-sans-rincage-150-ml\/#breadcrumb"},"inLanguage":"fr-FR","potentialAction":[{"@type":"ReadAction","target":["https:\/\/lauthentique-barbershop-coloriste.com\/index.php\/product\/alterego-urban-proof-apres-shampooing-sans-rincage-150-ml\/"]}]},{"@type":"ImageObject","inLanguage":"fr-FR","@id":"https:\/\/lauthentique-barbershop-coloriste.com\/index.php\/product\/alterego-urban-proof-apres-shampooing-sans-rincage-150-ml\/#primaryimage","url":"https:\/\/lauthentique-barbershop-coloriste.com\/wp-content\/uploads\/2026\/02\/produits-sweo-alter-ego-coiffure-les-secrets-de-loly-20.jpg","contentUrl":"https:\/\/lauthentique-barbershop-coloriste.com\/wp-content\/uploads\/2026\/02\/produits-sweo-alter-ego-coiffure-les-secrets-de-loly-20.jpg","caption":"alter ego - l'authentique - apres shampoing"},{"@type":"BreadcrumbList","@id":"https:\/\/lauthentique-barbershop-coloriste.com\/index.php\/product\/alterego-urban-proof-apres-shampooing-sans-rincage-150-ml\/#breadcrumb","itemListElement":[{"@type":"ListItem","position":1,"name":"Home","item":"https:\/\/lauthentique-barbershop-coloriste.com\/"},{"@type":"ListItem","position":2,"name":"Tous les produits","item":"https:\/\/lauthentique-barbershop-coloriste.com\/index.php\/tous-les-produits\/"},{"@type":"ListItem","position":3,"name":"Alterego Urban Proof Apr\u00e8s-shampooing Sans Rin\u00e7age 150 ml"}]},{"@type":"WebSite","@id":"https:\/\/lauthentique-barbershop-coloriste.com\/#website","url":"https:\/\/lauthentique-barbershop-coloriste.com\/","name":"L&#039;authentique - Barbershop - Coloriste","description":"","publisher":{"@id":"https:\/\/lauthentique-barbershop-coloriste.com\/#organization"},"potentialAction":[{"@type":"SearchAction","target":{"@type":"EntryPoint","urlTemplate":"https:\/\/lauthentique-barbershop-coloriste.com\/?s={search_term_string}"},"query-input":{"@type":"PropertyValueSpecification","valueRequired":true,"valueName":"search_term_string"}}],"inLanguage":"fr-FR"},{"@type":"Organization","@id":"https:\/\/lauthentique-barbershop-coloriste.com\/#organization","name":"L&#039;authentique - Barbershop - Coloriste","url":"https:\/\/lauthentique-barbershop-coloriste.com\/","logo":{"@type":"ImageObject","inLanguage":"fr-FR","@id":"https:\/\/lauthentique-barbershop-coloriste.com\/#\/schema\/logo\/image\/","url":"https:\/\/lauthentique-barbershop-coloriste.com\/wp-content\/uploads\/2025\/07\/cropped-Modern-Brand-Name-Initials-Typography-Logo1-e1752238876590.png","contentUrl":"https:\/\/lauthentique-barbershop-coloriste.com\/wp-content\/uploads\/2025\/07\/cropped-Modern-Brand-Name-Initials-Typography-Logo1-e1752238876590.png","width":424,"height":177,"caption":"L&#039;authentique - Barbershop - Coloriste"},"image":{"@id":"https:\/\/lauthentique-barbershop-coloriste.com\/#\/schema\/logo\/image\/"}}]}},"jetpack_sharing_enabled":true,"_links":{"self":[{"href":"https:\/\/lauthentique-barbershop-coloriste.com\/index.php\/wp-json\/wp\/v2\/product\/1704","targetHints":{"allow":["GET"]}}],"collection":[{"href":"https:\/\/lauthentique-barbershop-coloriste.com\/index.php\/wp-json\/wp\/v2\/product"}],"about":[{"href":"https:\/\/lauthentique-barbershop-coloriste.com\/index.php\/wp-json\/wp\/v2\/types\/product"}],"replies":[{"embeddable":true,"href":"https:\/\/lauthentique-barbershop-coloriste.com\/index.php\/wp-json\/wp\/v2\/comments?post=1704"}],"wp:featuredmedia":[{"embeddable":true,"href":"https:\/\/lauthentique-barbershop-coloriste.com\/index.php\/wp-json\/wp\/v2\/media\/2234"}],"wp:attachment":[{"href":"https:\/\/lauthentique-barbershop-coloriste.com\/index.php\/wp-json\/wp\/v2\/media?parent=1704"}],"wp:term":[{"taxonomy":"product_brand","embeddable":true,"href":"https:\/\/lauthentique-barbershop-coloriste.com\/index.php\/wp-json\/wp\/v2\/product_brand?post=1704"},{"taxonomy":"product_cat","embeddable":true,"href":"https:\/\/lauthentique-barbershop-coloriste.com\/index.php\/wp-json\/wp\/v2\/product_cat?post=1704"},{"taxonomy":"product_tag","embeddable":true,"href":"https:\/\/lauthentique-barbershop-coloriste.com\/index.php\/wp-json\/wp\/v2\/product_tag?post=1704"}],"curies":[{"name":"wp","href":"https:\/\/api.w.org\/{rel}","templated":true}]}}