{"id":1706,"date":"2026-02-20T11:12:46","date_gmt":"2026-02-20T11:12:46","guid":{"rendered":"https:\/\/lauthentique-barbershop-coloriste.com\/index.php\/product\/alterego-urban-proof-shampoing-sec\/"},"modified":"2026-04-05T18:51:03","modified_gmt":"2026-04-05T18:51:03","slug":"alterego-urban-proof-shampoing-sec","status":"publish","type":"product","link":"https:\/\/lauthentique-barbershop-coloriste.com\/index.php\/product\/alterego-urban-proof-shampoing-sec\/","title":{"rendered":"Alterego Urban Proof Shampoing Sec"},"content":{"rendered":"<h2>Alterego Urban Proof Shampoing Sec : produit professionnel coiffure et routine facile<\/h2>\n<p>Alterego Urban Proof Shampoing Sec est une r\u00e9f\u00e9rence pens\u00e9e pour faciliter ta routine coiffure au quotidien. Le produit s\u2019utilise facilement et apporte un r\u00e9sultat propre, net et r\u00e9gulier. D\u00e8s la premi\u00e8re utilisation, le rendu reste ma\u00eetris\u00e9 et agr\u00e9able. Il s\u2019int\u00e8gre aussi dans une routine simple, rapide et efficace.<\/p>\n<p>En salon comme \u00e0 la maison, tu gagnes du temps et tu gardes un rendu soign\u00e9. De plus, l\u2019application progressive permet de doser pr\u00e9cis\u00e9ment selon la longueur et l\u2019\u00e9paisseur des cheveux. Pour compl\u00e9ter ta routine, d\u00e9couvre\u00a0<a href=\"https:\/\/lauthentique-barbershop-coloriste.com\/index.php\/tous-les-produits\/\">notre s\u00e9lection de produits<\/a>\u00a0et teste notre diagnostic personnalis\u00e9 pour savoir quel produit te correspondrait via\u00a0<a href=\"#quiz-jyHWbeq\">la page diagnostic<\/a>.<\/p>\n<p>Ainsi, tu obtiens une routine plus simple, une meilleure ma\u00eetrise et un confort d\u2019utilisation. Le geste est clair, le r\u00e9sultat est r\u00e9gulier, et tu gardes une finition soign\u00e9e. Cela aide aussi \u00e0 am\u00e9liorer l\u2019aspect global de la chevelure jour apr\u00e8s jour.<\/p>\n<h3>Conseils d\u2019utilisation<\/h3>\n<p>Commence avec une petite quantit\u00e9, puis ajuste selon ton besoin. Cette m\u00e9thode \u00e9vite la surcharge et donne un rendu plus naturel. Tu peux l\u2019utiliser seul ou l\u2019associer \u00e0 d\u2019autres produits compl\u00e9mentaires selon ton besoin.<\/p>\n<div class=\"info_art\">\n<table class=\"ref_art\">\n<tbody>\n<tr>\n<td>Composition<\/td>\n<td>Shampoing sec<\/td>\n<\/tr>\n<tr>\n<td>Poids \/ Contenance<\/td>\n<td>spray<\/td>\n<\/tr>\n<\/tbody>\n<\/table>\n<\/div>\n","protected":false},"excerpt":{"rendered":"<p>Shampoing sec Alterego Urban Proof Shampoing Sec pour rafra\u00eechir les cheveux entre deux lavages et redonner du volume.<\/p>\n<p>\u2013 Absorbe l\u2019exc\u00e8s de s\u00e9bum.<br \/>\n\u2013 Redonne une sensation de cheveux propres.<br \/>\n\u2013 Id\u00e9al en retouche rapide.<\/p>\n","protected":false},"featured_media":1785,"comment_status":"open","ping_status":"closed","template":"","meta":[],"product_brand":[28],"product_cat":[46,16,73],"product_tag":[],"class_list":{"0":"post-1706","1":"product","2":"type-product","3":"status-publish","4":"has-post-thumbnail","6":"product_brand-alterego","7":"product_cat-coiffant","8":"product_cat-shampoings","9":"product_cat-tous-nos-coiffants-2","11":"first","12":"instock","13":"taxable","14":"shipping-taxable","15":"purchasable","16":"product-type-simple"},"yoast_head":"<!-- This site is optimized with the Yoast SEO plugin v27.4 - https:\/\/yoast.com\/product\/yoast-seo-wordpress\/ -->\n<title>Alterego Urban Proof Shampoing Sec -<\/title>\n<meta name=\"description\" content=\"Alterego Urban Proof Shampoing Sec. Routine simple, r\u00e9sultat net et confortable au quotidien. Livraison rapide et conseils en salon.\" \/>\n<meta name=\"robots\" content=\"index, follow, max-snippet:-1, max-image-preview:large, max-video-preview:-1\" \/>\n<link rel=\"canonical\" href=\"https:\/\/lauthentique-barbershop-coloriste.com\/index.php\/product\/alterego-urban-proof-shampoing-sec\/\" \/>\n<meta property=\"og:locale\" content=\"fr_FR\" \/>\n<meta property=\"og:type\" content=\"article\" \/>\n<meta property=\"og:title\" content=\"Alterego Urban Proof Shampoing Sec -\" \/>\n<meta property=\"og:description\" content=\"Alterego Urban Proof Shampoing Sec. Routine simple, r\u00e9sultat net et confortable au quotidien. Livraison rapide et conseils en salon.\" \/>\n<meta property=\"og:url\" content=\"https:\/\/lauthentique-barbershop-coloriste.com\/index.php\/product\/alterego-urban-proof-shampoing-sec\/\" \/>\n<meta property=\"og:site_name\" content=\"L&#039;authentique - Barbershop - Coloriste\" \/>\n<meta property=\"article:modified_time\" content=\"2026-04-05T18:51:03+00:00\" \/>\n<meta property=\"og:image\" content=\"http:\/\/lauthentique-barbershop-coloriste.com\/wp-content\/uploads\/2026\/02\/alterego-urban-proof-dry-shampoo-200ml.jpg\" \/>\n\t<meta property=\"og:image:width\" content=\"2048\" \/>\n\t<meta property=\"og:image:height\" content=\"1365\" \/>\n\t<meta property=\"og:image:type\" content=\"image\/jpeg\" \/>\n<meta name=\"twitter:card\" content=\"summary_large_image\" \/>\n<meta name=\"twitter:label1\" content=\"Dur\u00e9e de lecture estim\u00e9e\" \/>\n\t<meta name=\"twitter:data1\" content=\"2 minutes\" \/>\n<script type=\"application\/ld+json\" class=\"yoast-schema-graph\">{\"@context\":\"https:\\\/\\\/schema.org\",\"@graph\":[{\"@type\":\"WebPage\",\"@id\":\"https:\\\/\\\/lauthentique-barbershop-coloriste.com\\\/index.php\\\/product\\\/alterego-urban-proof-shampoing-sec\\\/\",\"url\":\"https:\\\/\\\/lauthentique-barbershop-coloriste.com\\\/index.php\\\/product\\\/alterego-urban-proof-shampoing-sec\\\/\",\"name\":\"Alterego Urban Proof Shampoing Sec -\",\"isPartOf\":{\"@id\":\"https:\\\/\\\/lauthentique-barbershop-coloriste.com\\\/#website\"},\"primaryImageOfPage\":{\"@id\":\"https:\\\/\\\/lauthentique-barbershop-coloriste.com\\\/index.php\\\/product\\\/alterego-urban-proof-shampoing-sec\\\/#primaryimage\"},\"image\":{\"@id\":\"https:\\\/\\\/lauthentique-barbershop-coloriste.com\\\/index.php\\\/product\\\/alterego-urban-proof-shampoing-sec\\\/#primaryimage\"},\"thumbnailUrl\":\"https:\\\/\\\/lauthentique-barbershop-coloriste.com\\\/wp-content\\\/uploads\\\/2026\\\/02\\\/alterego-urban-proof-dry-shampoo-200ml.jpg\",\"datePublished\":\"2026-02-20T11:12:46+00:00\",\"dateModified\":\"2026-04-05T18:51:03+00:00\",\"description\":\"Alterego Urban Proof Shampoing Sec. Routine simple, r\u00e9sultat net et confortable au quotidien. Livraison rapide et conseils en salon.\",\"breadcrumb\":{\"@id\":\"https:\\\/\\\/lauthentique-barbershop-coloriste.com\\\/index.php\\\/product\\\/alterego-urban-proof-shampoing-sec\\\/#breadcrumb\"},\"inLanguage\":\"fr-FR\",\"potentialAction\":[{\"@type\":\"ReadAction\",\"target\":[\"https:\\\/\\\/lauthentique-barbershop-coloriste.com\\\/index.php\\\/product\\\/alterego-urban-proof-shampoing-sec\\\/\"]}]},{\"@type\":\"ImageObject\",\"inLanguage\":\"fr-FR\",\"@id\":\"https:\\\/\\\/lauthentique-barbershop-coloriste.com\\\/index.php\\\/product\\\/alterego-urban-proof-shampoing-sec\\\/#primaryimage\",\"url\":\"https:\\\/\\\/lauthentique-barbershop-coloriste.com\\\/wp-content\\\/uploads\\\/2026\\\/02\\\/alterego-urban-proof-dry-shampoo-200ml.jpg\",\"contentUrl\":\"https:\\\/\\\/lauthentique-barbershop-coloriste.com\\\/wp-content\\\/uploads\\\/2026\\\/02\\\/alterego-urban-proof-dry-shampoo-200ml.jpg\",\"width\":2048,\"height\":1365,\"caption\":\"ALTER EGO - l'authentique - shampoing sec\"},{\"@type\":\"BreadcrumbList\",\"@id\":\"https:\\\/\\\/lauthentique-barbershop-coloriste.com\\\/index.php\\\/product\\\/alterego-urban-proof-shampoing-sec\\\/#breadcrumb\",\"itemListElement\":[{\"@type\":\"ListItem\",\"position\":1,\"name\":\"Home\",\"item\":\"https:\\\/\\\/lauthentique-barbershop-coloriste.com\\\/\"},{\"@type\":\"ListItem\",\"position\":2,\"name\":\"Tous les produits\",\"item\":\"https:\\\/\\\/lauthentique-barbershop-coloriste.com\\\/index.php\\\/tous-les-produits\\\/\"},{\"@type\":\"ListItem\",\"position\":3,\"name\":\"Alterego Urban Proof Shampoing Sec\"}]},{\"@type\":\"WebSite\",\"@id\":\"https:\\\/\\\/lauthentique-barbershop-coloriste.com\\\/#website\",\"url\":\"https:\\\/\\\/lauthentique-barbershop-coloriste.com\\\/\",\"name\":\"L&#039;authentique - Barbershop - Coloriste\",\"description\":\"\",\"publisher\":{\"@id\":\"https:\\\/\\\/lauthentique-barbershop-coloriste.com\\\/#organization\"},\"potentialAction\":[{\"@type\":\"SearchAction\",\"target\":{\"@type\":\"EntryPoint\",\"urlTemplate\":\"https:\\\/\\\/lauthentique-barbershop-coloriste.com\\\/?s={search_term_string}\"},\"query-input\":{\"@type\":\"PropertyValueSpecification\",\"valueRequired\":true,\"valueName\":\"search_term_string\"}}],\"inLanguage\":\"fr-FR\"},{\"@type\":\"Organization\",\"@id\":\"https:\\\/\\\/lauthentique-barbershop-coloriste.com\\\/#organization\",\"name\":\"L&#039;authentique - Barbershop - Coloriste\",\"url\":\"https:\\\/\\\/lauthentique-barbershop-coloriste.com\\\/\",\"logo\":{\"@type\":\"ImageObject\",\"inLanguage\":\"fr-FR\",\"@id\":\"https:\\\/\\\/lauthentique-barbershop-coloriste.com\\\/#\\\/schema\\\/logo\\\/image\\\/\",\"url\":\"https:\\\/\\\/lauthentique-barbershop-coloriste.com\\\/wp-content\\\/uploads\\\/2025\\\/07\\\/cropped-Modern-Brand-Name-Initials-Typography-Logo1-e1752238876590.png\",\"contentUrl\":\"https:\\\/\\\/lauthentique-barbershop-coloriste.com\\\/wp-content\\\/uploads\\\/2025\\\/07\\\/cropped-Modern-Brand-Name-Initials-Typography-Logo1-e1752238876590.png\",\"width\":424,\"height\":177,\"caption\":\"L&#039;authentique - Barbershop - Coloriste\"},\"image\":{\"@id\":\"https:\\\/\\\/lauthentique-barbershop-coloriste.com\\\/#\\\/schema\\\/logo\\\/image\\\/\"}}]}<\/script>\n<!-- \/ Yoast SEO plugin. -->","yoast_head_json":{"title":"Alterego Urban Proof Shampoing Sec -","description":"Alterego Urban Proof Shampoing Sec. Routine simple, r\u00e9sultat net et confortable au quotidien. Livraison rapide et conseils en salon.","robots":{"index":"index","follow":"follow","max-snippet":"max-snippet:-1","max-image-preview":"max-image-preview:large","max-video-preview":"max-video-preview:-1"},"canonical":"https:\/\/lauthentique-barbershop-coloriste.com\/index.php\/product\/alterego-urban-proof-shampoing-sec\/","og_locale":"fr_FR","og_type":"article","og_title":"Alterego Urban Proof Shampoing Sec -","og_description":"Alterego Urban Proof Shampoing Sec. Routine simple, r\u00e9sultat net et confortable au quotidien. Livraison rapide et conseils en salon.","og_url":"https:\/\/lauthentique-barbershop-coloriste.com\/index.php\/product\/alterego-urban-proof-shampoing-sec\/","og_site_name":"L&#039;authentique - Barbershop - Coloriste","article_modified_time":"2026-04-05T18:51:03+00:00","og_image":[{"width":2048,"height":1365,"url":"http:\/\/lauthentique-barbershop-coloriste.com\/wp-content\/uploads\/2026\/02\/alterego-urban-proof-dry-shampoo-200ml.jpg","type":"image\/jpeg"}],"twitter_card":"summary_large_image","twitter_misc":{"Dur\u00e9e de lecture estim\u00e9e":"2 minutes"},"schema":{"@context":"https:\/\/schema.org","@graph":[{"@type":"WebPage","@id":"https:\/\/lauthentique-barbershop-coloriste.com\/index.php\/product\/alterego-urban-proof-shampoing-sec\/","url":"https:\/\/lauthentique-barbershop-coloriste.com\/index.php\/product\/alterego-urban-proof-shampoing-sec\/","name":"Alterego Urban Proof Shampoing Sec -","isPartOf":{"@id":"https:\/\/lauthentique-barbershop-coloriste.com\/#website"},"primaryImageOfPage":{"@id":"https:\/\/lauthentique-barbershop-coloriste.com\/index.php\/product\/alterego-urban-proof-shampoing-sec\/#primaryimage"},"image":{"@id":"https:\/\/lauthentique-barbershop-coloriste.com\/index.php\/product\/alterego-urban-proof-shampoing-sec\/#primaryimage"},"thumbnailUrl":"https:\/\/lauthentique-barbershop-coloriste.com\/wp-content\/uploads\/2026\/02\/alterego-urban-proof-dry-shampoo-200ml.jpg","datePublished":"2026-02-20T11:12:46+00:00","dateModified":"2026-04-05T18:51:03+00:00","description":"Alterego Urban Proof Shampoing Sec. Routine simple, r\u00e9sultat net et confortable au quotidien. Livraison rapide et conseils en salon.","breadcrumb":{"@id":"https:\/\/lauthentique-barbershop-coloriste.com\/index.php\/product\/alterego-urban-proof-shampoing-sec\/#breadcrumb"},"inLanguage":"fr-FR","potentialAction":[{"@type":"ReadAction","target":["https:\/\/lauthentique-barbershop-coloriste.com\/index.php\/product\/alterego-urban-proof-shampoing-sec\/"]}]},{"@type":"ImageObject","inLanguage":"fr-FR","@id":"https:\/\/lauthentique-barbershop-coloriste.com\/index.php\/product\/alterego-urban-proof-shampoing-sec\/#primaryimage","url":"https:\/\/lauthentique-barbershop-coloriste.com\/wp-content\/uploads\/2026\/02\/alterego-urban-proof-dry-shampoo-200ml.jpg","contentUrl":"https:\/\/lauthentique-barbershop-coloriste.com\/wp-content\/uploads\/2026\/02\/alterego-urban-proof-dry-shampoo-200ml.jpg","width":2048,"height":1365,"caption":"ALTER EGO - l'authentique - shampoing sec"},{"@type":"BreadcrumbList","@id":"https:\/\/lauthentique-barbershop-coloriste.com\/index.php\/product\/alterego-urban-proof-shampoing-sec\/#breadcrumb","itemListElement":[{"@type":"ListItem","position":1,"name":"Home","item":"https:\/\/lauthentique-barbershop-coloriste.com\/"},{"@type":"ListItem","position":2,"name":"Tous les produits","item":"https:\/\/lauthentique-barbershop-coloriste.com\/index.php\/tous-les-produits\/"},{"@type":"ListItem","position":3,"name":"Alterego Urban Proof Shampoing Sec"}]},{"@type":"WebSite","@id":"https:\/\/lauthentique-barbershop-coloriste.com\/#website","url":"https:\/\/lauthentique-barbershop-coloriste.com\/","name":"L&#039;authentique - Barbershop - Coloriste","description":"","publisher":{"@id":"https:\/\/lauthentique-barbershop-coloriste.com\/#organization"},"potentialAction":[{"@type":"SearchAction","target":{"@type":"EntryPoint","urlTemplate":"https:\/\/lauthentique-barbershop-coloriste.com\/?s={search_term_string}"},"query-input":{"@type":"PropertyValueSpecification","valueRequired":true,"valueName":"search_term_string"}}],"inLanguage":"fr-FR"},{"@type":"Organization","@id":"https:\/\/lauthentique-barbershop-coloriste.com\/#organization","name":"L&#039;authentique - Barbershop - Coloriste","url":"https:\/\/lauthentique-barbershop-coloriste.com\/","logo":{"@type":"ImageObject","inLanguage":"fr-FR","@id":"https:\/\/lauthentique-barbershop-coloriste.com\/#\/schema\/logo\/image\/","url":"https:\/\/lauthentique-barbershop-coloriste.com\/wp-content\/uploads\/2025\/07\/cropped-Modern-Brand-Name-Initials-Typography-Logo1-e1752238876590.png","contentUrl":"https:\/\/lauthentique-barbershop-coloriste.com\/wp-content\/uploads\/2025\/07\/cropped-Modern-Brand-Name-Initials-Typography-Logo1-e1752238876590.png","width":424,"height":177,"caption":"L&#039;authentique - Barbershop - Coloriste"},"image":{"@id":"https:\/\/lauthentique-barbershop-coloriste.com\/#\/schema\/logo\/image\/"}}]}},"jetpack_sharing_enabled":true,"_links":{"self":[{"href":"https:\/\/lauthentique-barbershop-coloriste.com\/index.php\/wp-json\/wp\/v2\/product\/1706","targetHints":{"allow":["GET"]}}],"collection":[{"href":"https:\/\/lauthentique-barbershop-coloriste.com\/index.php\/wp-json\/wp\/v2\/product"}],"about":[{"href":"https:\/\/lauthentique-barbershop-coloriste.com\/index.php\/wp-json\/wp\/v2\/types\/product"}],"replies":[{"embeddable":true,"href":"https:\/\/lauthentique-barbershop-coloriste.com\/index.php\/wp-json\/wp\/v2\/comments?post=1706"}],"wp:featuredmedia":[{"embeddable":true,"href":"https:\/\/lauthentique-barbershop-coloriste.com\/index.php\/wp-json\/wp\/v2\/media\/1785"}],"wp:attachment":[{"href":"https:\/\/lauthentique-barbershop-coloriste.com\/index.php\/wp-json\/wp\/v2\/media?parent=1706"}],"wp:term":[{"taxonomy":"product_brand","embeddable":true,"href":"https:\/\/lauthentique-barbershop-coloriste.com\/index.php\/wp-json\/wp\/v2\/product_brand?post=1706"},{"taxonomy":"product_cat","embeddable":true,"href":"https:\/\/lauthentique-barbershop-coloriste.com\/index.php\/wp-json\/wp\/v2\/product_cat?post=1706"},{"taxonomy":"product_tag","embeddable":true,"href":"https:\/\/lauthentique-barbershop-coloriste.com\/index.php\/wp-json\/wp\/v2\/product_tag?post=1706"}],"curies":[{"name":"wp","href":"https:\/\/api.w.org\/{rel}","templated":true}]}}