{"id":783,"date":"2025-07-24T09:47:19","date_gmt":"2025-07-24T09:47:19","guid":{"rendered":"https:\/\/lauthentique-barbershop-coloriste.com\/?post_type=product&#038;p=783"},"modified":"2026-02-20T15:39:17","modified_gmt":"2026-02-20T15:39:17","slug":"sweo-shampoing-silver-le-blanc-200","status":"publish","type":"product","link":"https:\/\/lauthentique-barbershop-coloriste.com\/index.php\/product\/sweo-shampoing-silver-le-blanc-200\/","title":{"rendered":"SWEO &#8211; Shampoing Homme Silver Le blanc 200ML"},"content":{"rendered":"<p>Ce shampoing nettoie en douceur tous les types de cheveux. Il neutralise les reflets jaunes et cuivr\u00e9s disgracieux.<\/p>\n<p>Le shampoing Le Blanc est \u00e9galement fra\u00eechement parfum\u00e9 :<\/p>\n<p>&#8211; Note de t\u00eate : Menthol, citron<\/p>\n<p>&#8211; Note de c\u0153ur : Oud, coriandre, amyris<\/p>\n<p>&#8211; Note de fond : musc, cuir<\/p>\n<p>CONSEILS D&rsquo;UTILISATION de votre coiffeur Micka\u00ebl PIEGAY COIFFEUR :<\/p>\n<p>&#8211; Appliquer sur cheveux mouill\u00e9s<\/p>\n<p>&#8211; Masser jusqu&rsquo;\u00e0 ce que la mousse soit blanche<\/p>\n<p>&#8211; Laisser 1 minute pour un traitement r\u00e9gulier, 2 minutes ou plus pour des traitements \u00e9pisodiques<\/p>\n<p>&#8211; Rincer<\/p>\n<p>&#8211; \u00c9viter tout contact avec les yeux<\/p>\n","protected":false},"excerpt":{"rendered":"<p>D\u00e9couvrez le Shampoing silver Le Blanc de la nouvelle gamme SWEO.M, con\u00e7u sp\u00e9cialement pour les hommes. Nettoyant en douceur tous les types de cheveux et neutralisant les reflets jaunes et cuivr\u00e9s, ce shampoing est parfum\u00e9 avec des notes de menthol, citron, oud, coriandre, amyris, musc et cuir. Commandez d\u00e8s maintenant pour une exp\u00e9rience de soin capillaire de qualit\u00e9.<\/p>\n","protected":false},"featured_media":946,"comment_status":"open","ping_status":"closed","template":"","meta":[],"product_brand":[27],"product_cat":[16],"product_tag":[],"class_list":{"0":"post-783","1":"product","2":"type-product","3":"status-publish","4":"has-post-thumbnail","6":"product_brand-sweo","7":"product_cat-shampoings","9":"first","10":"instock","11":"purchasable","12":"product-type-simple"},"yoast_head":"<!-- This site is optimized with the Yoast SEO plugin v27.4 - https:\/\/yoast.com\/product\/yoast-seo-wordpress\/ -->\n<title>SWEO - Shampoing Homme Silver Le blanc 200ML - L&#039;authentique - Barbershop - Coloriste<\/title>\n<meta name=\"description\" content=\"le Shampoing silver Le Blanc con\u00e7u pour les hommes. Nettoyant en douceur tous les types de cheveux et neutralisant les reflets jaunes et cuivr\u00e9s.\" \/>\n<meta name=\"robots\" content=\"index, follow, max-snippet:-1, max-image-preview:large, max-video-preview:-1\" \/>\n<link rel=\"canonical\" href=\"https:\/\/lauthentique-barbershop-coloriste.com\/index.php\/product\/sweo-shampoing-silver-le-blanc-200\/\" \/>\n<meta property=\"og:locale\" content=\"fr_FR\" \/>\n<meta property=\"og:type\" content=\"article\" \/>\n<meta property=\"og:title\" content=\"SWEO - Shampoing Homme Silver Le blanc 200ML - L&#039;authentique - Barbershop - Coloriste\" \/>\n<meta property=\"og:description\" content=\"le Shampoing silver Le Blanc con\u00e7u pour les hommes. Nettoyant en douceur tous les types de cheveux et neutralisant les reflets jaunes et cuivr\u00e9s.\" \/>\n<meta property=\"og:url\" content=\"https:\/\/lauthentique-barbershop-coloriste.com\/index.php\/product\/sweo-shampoing-silver-le-blanc-200\/\" \/>\n<meta property=\"og:site_name\" content=\"L&#039;authentique - Barbershop - Coloriste\" \/>\n<meta property=\"article:modified_time\" content=\"2026-02-20T15:39:17+00:00\" \/>\n<meta property=\"og:image\" content=\"http:\/\/lauthentique-barbershop-coloriste.com\/wp-content\/uploads\/2025\/08\/shampoing-sweo-coiffure-m.jpg\" \/>\n\t<meta property=\"og:image:width\" content=\"239\" \/>\n\t<meta property=\"og:image:height\" content=\"239\" \/>\n\t<meta property=\"og:image:type\" content=\"image\/jpeg\" \/>\n<meta name=\"twitter:card\" content=\"summary_large_image\" \/>\n<meta name=\"twitter:label1\" content=\"Dur\u00e9e de lecture estim\u00e9e\" \/>\n\t<meta name=\"twitter:data1\" content=\"1 minute\" \/>\n<script type=\"application\/ld+json\" class=\"yoast-schema-graph\">{\"@context\":\"https:\\\/\\\/schema.org\",\"@graph\":[{\"@type\":\"WebPage\",\"@id\":\"https:\\\/\\\/lauthentique-barbershop-coloriste.com\\\/index.php\\\/product\\\/sweo-shampoing-silver-le-blanc-200\\\/\",\"url\":\"https:\\\/\\\/lauthentique-barbershop-coloriste.com\\\/index.php\\\/product\\\/sweo-shampoing-silver-le-blanc-200\\\/\",\"name\":\"SWEO - Shampoing Homme Silver Le blanc 200ML - L&#039;authentique - Barbershop - Coloriste\",\"isPartOf\":{\"@id\":\"https:\\\/\\\/lauthentique-barbershop-coloriste.com\\\/#website\"},\"primaryImageOfPage\":{\"@id\":\"https:\\\/\\\/lauthentique-barbershop-coloriste.com\\\/index.php\\\/product\\\/sweo-shampoing-silver-le-blanc-200\\\/#primaryimage\"},\"image\":{\"@id\":\"https:\\\/\\\/lauthentique-barbershop-coloriste.com\\\/index.php\\\/product\\\/sweo-shampoing-silver-le-blanc-200\\\/#primaryimage\"},\"thumbnailUrl\":\"https:\\\/\\\/lauthentique-barbershop-coloriste.com\\\/wp-content\\\/uploads\\\/2025\\\/08\\\/shampoing-sweo-coiffure-m.jpg\",\"datePublished\":\"2025-07-24T09:47:19+00:00\",\"dateModified\":\"2026-02-20T15:39:17+00:00\",\"description\":\"le Shampoing silver Le Blanc con\u00e7u pour les hommes. Nettoyant en douceur tous les types de cheveux et neutralisant les reflets jaunes et cuivr\u00e9s.\",\"breadcrumb\":{\"@id\":\"https:\\\/\\\/lauthentique-barbershop-coloriste.com\\\/index.php\\\/product\\\/sweo-shampoing-silver-le-blanc-200\\\/#breadcrumb\"},\"inLanguage\":\"fr-FR\",\"potentialAction\":[{\"@type\":\"ReadAction\",\"target\":[\"https:\\\/\\\/lauthentique-barbershop-coloriste.com\\\/index.php\\\/product\\\/sweo-shampoing-silver-le-blanc-200\\\/\"]}]},{\"@type\":\"ImageObject\",\"inLanguage\":\"fr-FR\",\"@id\":\"https:\\\/\\\/lauthentique-barbershop-coloriste.com\\\/index.php\\\/product\\\/sweo-shampoing-silver-le-blanc-200\\\/#primaryimage\",\"url\":\"https:\\\/\\\/lauthentique-barbershop-coloriste.com\\\/wp-content\\\/uploads\\\/2025\\\/08\\\/shampoing-sweo-coiffure-m.jpg\",\"contentUrl\":\"https:\\\/\\\/lauthentique-barbershop-coloriste.com\\\/wp-content\\\/uploads\\\/2025\\\/08\\\/shampoing-sweo-coiffure-m.jpg\",\"width\":239,\"height\":239,\"caption\":\"shampoing-sweo - coiffure m\"},{\"@type\":\"BreadcrumbList\",\"@id\":\"https:\\\/\\\/lauthentique-barbershop-coloriste.com\\\/index.php\\\/product\\\/sweo-shampoing-silver-le-blanc-200\\\/#breadcrumb\",\"itemListElement\":[{\"@type\":\"ListItem\",\"position\":1,\"name\":\"Home\",\"item\":\"https:\\\/\\\/lauthentique-barbershop-coloriste.com\\\/\"},{\"@type\":\"ListItem\",\"position\":2,\"name\":\"Tous les produits\",\"item\":\"https:\\\/\\\/lauthentique-barbershop-coloriste.com\\\/index.php\\\/tous-les-produits\\\/\"},{\"@type\":\"ListItem\",\"position\":3,\"name\":\"SWEO &#8211; Shampoing Homme Silver Le blanc 200ML\"}]},{\"@type\":\"WebSite\",\"@id\":\"https:\\\/\\\/lauthentique-barbershop-coloriste.com\\\/#website\",\"url\":\"https:\\\/\\\/lauthentique-barbershop-coloriste.com\\\/\",\"name\":\"L&#039;authentique - Barbershop - Coloriste\",\"description\":\"\",\"publisher\":{\"@id\":\"https:\\\/\\\/lauthentique-barbershop-coloriste.com\\\/#organization\"},\"potentialAction\":[{\"@type\":\"SearchAction\",\"target\":{\"@type\":\"EntryPoint\",\"urlTemplate\":\"https:\\\/\\\/lauthentique-barbershop-coloriste.com\\\/?s={search_term_string}\"},\"query-input\":{\"@type\":\"PropertyValueSpecification\",\"valueRequired\":true,\"valueName\":\"search_term_string\"}}],\"inLanguage\":\"fr-FR\"},{\"@type\":\"Organization\",\"@id\":\"https:\\\/\\\/lauthentique-barbershop-coloriste.com\\\/#organization\",\"name\":\"L&#039;authentique - Barbershop - Coloriste\",\"url\":\"https:\\\/\\\/lauthentique-barbershop-coloriste.com\\\/\",\"logo\":{\"@type\":\"ImageObject\",\"inLanguage\":\"fr-FR\",\"@id\":\"https:\\\/\\\/lauthentique-barbershop-coloriste.com\\\/#\\\/schema\\\/logo\\\/image\\\/\",\"url\":\"https:\\\/\\\/lauthentique-barbershop-coloriste.com\\\/wp-content\\\/uploads\\\/2025\\\/07\\\/cropped-Modern-Brand-Name-Initials-Typography-Logo1-e1752238876590.png\",\"contentUrl\":\"https:\\\/\\\/lauthentique-barbershop-coloriste.com\\\/wp-content\\\/uploads\\\/2025\\\/07\\\/cropped-Modern-Brand-Name-Initials-Typography-Logo1-e1752238876590.png\",\"width\":424,\"height\":177,\"caption\":\"L&#039;authentique - Barbershop - Coloriste\"},\"image\":{\"@id\":\"https:\\\/\\\/lauthentique-barbershop-coloriste.com\\\/#\\\/schema\\\/logo\\\/image\\\/\"}}]}<\/script>\n<!-- \/ Yoast SEO plugin. -->","yoast_head_json":{"title":"SWEO - Shampoing Homme Silver Le blanc 200ML - L&#039;authentique - Barbershop - Coloriste","description":"le Shampoing silver Le Blanc con\u00e7u pour les hommes. Nettoyant en douceur tous les types de cheveux et neutralisant les reflets jaunes et cuivr\u00e9s.","robots":{"index":"index","follow":"follow","max-snippet":"max-snippet:-1","max-image-preview":"max-image-preview:large","max-video-preview":"max-video-preview:-1"},"canonical":"https:\/\/lauthentique-barbershop-coloriste.com\/index.php\/product\/sweo-shampoing-silver-le-blanc-200\/","og_locale":"fr_FR","og_type":"article","og_title":"SWEO - Shampoing Homme Silver Le blanc 200ML - L&#039;authentique - Barbershop - Coloriste","og_description":"le Shampoing silver Le Blanc con\u00e7u pour les hommes. Nettoyant en douceur tous les types de cheveux et neutralisant les reflets jaunes et cuivr\u00e9s.","og_url":"https:\/\/lauthentique-barbershop-coloriste.com\/index.php\/product\/sweo-shampoing-silver-le-blanc-200\/","og_site_name":"L&#039;authentique - Barbershop - Coloriste","article_modified_time":"2026-02-20T15:39:17+00:00","og_image":[{"width":239,"height":239,"url":"http:\/\/lauthentique-barbershop-coloriste.com\/wp-content\/uploads\/2025\/08\/shampoing-sweo-coiffure-m.jpg","type":"image\/jpeg"}],"twitter_card":"summary_large_image","twitter_misc":{"Dur\u00e9e de lecture estim\u00e9e":"1 minute"},"schema":{"@context":"https:\/\/schema.org","@graph":[{"@type":"WebPage","@id":"https:\/\/lauthentique-barbershop-coloriste.com\/index.php\/product\/sweo-shampoing-silver-le-blanc-200\/","url":"https:\/\/lauthentique-barbershop-coloriste.com\/index.php\/product\/sweo-shampoing-silver-le-blanc-200\/","name":"SWEO - Shampoing Homme Silver Le blanc 200ML - L&#039;authentique - Barbershop - Coloriste","isPartOf":{"@id":"https:\/\/lauthentique-barbershop-coloriste.com\/#website"},"primaryImageOfPage":{"@id":"https:\/\/lauthentique-barbershop-coloriste.com\/index.php\/product\/sweo-shampoing-silver-le-blanc-200\/#primaryimage"},"image":{"@id":"https:\/\/lauthentique-barbershop-coloriste.com\/index.php\/product\/sweo-shampoing-silver-le-blanc-200\/#primaryimage"},"thumbnailUrl":"https:\/\/lauthentique-barbershop-coloriste.com\/wp-content\/uploads\/2025\/08\/shampoing-sweo-coiffure-m.jpg","datePublished":"2025-07-24T09:47:19+00:00","dateModified":"2026-02-20T15:39:17+00:00","description":"le Shampoing silver Le Blanc con\u00e7u pour les hommes. Nettoyant en douceur tous les types de cheveux et neutralisant les reflets jaunes et cuivr\u00e9s.","breadcrumb":{"@id":"https:\/\/lauthentique-barbershop-coloriste.com\/index.php\/product\/sweo-shampoing-silver-le-blanc-200\/#breadcrumb"},"inLanguage":"fr-FR","potentialAction":[{"@type":"ReadAction","target":["https:\/\/lauthentique-barbershop-coloriste.com\/index.php\/product\/sweo-shampoing-silver-le-blanc-200\/"]}]},{"@type":"ImageObject","inLanguage":"fr-FR","@id":"https:\/\/lauthentique-barbershop-coloriste.com\/index.php\/product\/sweo-shampoing-silver-le-blanc-200\/#primaryimage","url":"https:\/\/lauthentique-barbershop-coloriste.com\/wp-content\/uploads\/2025\/08\/shampoing-sweo-coiffure-m.jpg","contentUrl":"https:\/\/lauthentique-barbershop-coloriste.com\/wp-content\/uploads\/2025\/08\/shampoing-sweo-coiffure-m.jpg","width":239,"height":239,"caption":"shampoing-sweo - coiffure m"},{"@type":"BreadcrumbList","@id":"https:\/\/lauthentique-barbershop-coloriste.com\/index.php\/product\/sweo-shampoing-silver-le-blanc-200\/#breadcrumb","itemListElement":[{"@type":"ListItem","position":1,"name":"Home","item":"https:\/\/lauthentique-barbershop-coloriste.com\/"},{"@type":"ListItem","position":2,"name":"Tous les produits","item":"https:\/\/lauthentique-barbershop-coloriste.com\/index.php\/tous-les-produits\/"},{"@type":"ListItem","position":3,"name":"SWEO &#8211; Shampoing Homme Silver Le blanc 200ML"}]},{"@type":"WebSite","@id":"https:\/\/lauthentique-barbershop-coloriste.com\/#website","url":"https:\/\/lauthentique-barbershop-coloriste.com\/","name":"L&#039;authentique - Barbershop - Coloriste","description":"","publisher":{"@id":"https:\/\/lauthentique-barbershop-coloriste.com\/#organization"},"potentialAction":[{"@type":"SearchAction","target":{"@type":"EntryPoint","urlTemplate":"https:\/\/lauthentique-barbershop-coloriste.com\/?s={search_term_string}"},"query-input":{"@type":"PropertyValueSpecification","valueRequired":true,"valueName":"search_term_string"}}],"inLanguage":"fr-FR"},{"@type":"Organization","@id":"https:\/\/lauthentique-barbershop-coloriste.com\/#organization","name":"L&#039;authentique - Barbershop - Coloriste","url":"https:\/\/lauthentique-barbershop-coloriste.com\/","logo":{"@type":"ImageObject","inLanguage":"fr-FR","@id":"https:\/\/lauthentique-barbershop-coloriste.com\/#\/schema\/logo\/image\/","url":"https:\/\/lauthentique-barbershop-coloriste.com\/wp-content\/uploads\/2025\/07\/cropped-Modern-Brand-Name-Initials-Typography-Logo1-e1752238876590.png","contentUrl":"https:\/\/lauthentique-barbershop-coloriste.com\/wp-content\/uploads\/2025\/07\/cropped-Modern-Brand-Name-Initials-Typography-Logo1-e1752238876590.png","width":424,"height":177,"caption":"L&#039;authentique - Barbershop - Coloriste"},"image":{"@id":"https:\/\/lauthentique-barbershop-coloriste.com\/#\/schema\/logo\/image\/"}}]}},"jetpack_sharing_enabled":true,"_links":{"self":[{"href":"https:\/\/lauthentique-barbershop-coloriste.com\/index.php\/wp-json\/wp\/v2\/product\/783","targetHints":{"allow":["GET"]}}],"collection":[{"href":"https:\/\/lauthentique-barbershop-coloriste.com\/index.php\/wp-json\/wp\/v2\/product"}],"about":[{"href":"https:\/\/lauthentique-barbershop-coloriste.com\/index.php\/wp-json\/wp\/v2\/types\/product"}],"replies":[{"embeddable":true,"href":"https:\/\/lauthentique-barbershop-coloriste.com\/index.php\/wp-json\/wp\/v2\/comments?post=783"}],"wp:featuredmedia":[{"embeddable":true,"href":"https:\/\/lauthentique-barbershop-coloriste.com\/index.php\/wp-json\/wp\/v2\/media\/946"}],"wp:attachment":[{"href":"https:\/\/lauthentique-barbershop-coloriste.com\/index.php\/wp-json\/wp\/v2\/media?parent=783"}],"wp:term":[{"taxonomy":"product_brand","embeddable":true,"href":"https:\/\/lauthentique-barbershop-coloriste.com\/index.php\/wp-json\/wp\/v2\/product_brand?post=783"},{"taxonomy":"product_cat","embeddable":true,"href":"https:\/\/lauthentique-barbershop-coloriste.com\/index.php\/wp-json\/wp\/v2\/product_cat?post=783"},{"taxonomy":"product_tag","embeddable":true,"href":"https:\/\/lauthentique-barbershop-coloriste.com\/index.php\/wp-json\/wp\/v2\/product_tag?post=783"}],"curies":[{"name":"wp","href":"https:\/\/api.w.org\/{rel}","templated":true}]}}