{"id":938,"date":"2025-08-17T13:04:07","date_gmt":"2025-08-17T13:04:07","guid":{"rendered":"https:\/\/lauthentique-barbershop-coloriste.com\/?post_type=product&#038;p=938"},"modified":"2026-02-20T15:39:17","modified_gmt":"2026-02-20T15:39:17","slug":"cire-mate-sweo-homme-coiffage","status":"publish","type":"product","link":"https:\/\/lauthentique-barbershop-coloriste.com\/index.php\/product\/cire-mate-sweo-homme-coiffage\/","title":{"rendered":"Cire mate Sweo"},"content":{"rendered":"<h2>Cire Coiffante La Mate SWEO.M 150ml<\/h2>\n<p>D\u00e9couvrez la cire coiffante La Mate SWEO.M 150ml de la nouvelle gamme SWEO.M.<\/p>\n<p>SWEO vous pr\u00e9sente sa gamme 100% homme et vous propose une s\u00e9lection de produits adapt\u00e9s.<\/p>\n<p>Cette cire est une cire coiffante adapt\u00e9e \u00e0 tous types de cheveux. Elle permet un coiffage professionnel comme en salon.<\/p>\n<p>La cire coiffante La Mate est \u00e9galement fra\u00eechement parfum\u00e9e :<\/p>\n<ul>\n<li>Note de t\u00eate : Menthol, citron<\/li>\n<li>Note de c\u0153ur : Oud, coriandre, amyris<\/li>\n<li>Note de fond : musc, cuir<\/li>\n<\/ul>\n<p>CONSEILS D&rsquo;UTILISATION de votre coiffeur\u00a0 :<\/p>\n<p>&#8211; Chauffer une petite quantit\u00e9 de cire dans les mains<\/p>\n<p>&#8211; Appliquer sur cheveux secs<\/p>\n<p>&#8211; Coiffer, sculpter selon le style d\u00e9sir\u00e9. Ne donne pas l&rsquo;effet carton<\/p>\n<p>&#8211; \u00c9viter tout contact avec les yeux<\/p>\n<p><strong>Astuces :<\/strong>\u00a0Pour un effet l\u00e9g\u00e8rement brillant n\u2019h\u00e9sitez pas \u00e0 combiner les cires SWEO \u201cLa mate\u201d et\u00a0<a href=\"https:\/\/www.mickaelcoiffeur.com\/produit\/sweo-cire-coiffante-la-brillante-150ml\/\">\u201cLa brillante\u201d<\/a><\/p>\n<p>COMPOSITION :<\/p>\n<p>Aqua (Water), Cera Alba, Alcohol, Cetearyl Alcohol, ur VPNA Copolymer, Paraffinum Liquidum, Propylene Glycol, Stearic Acid Bis-Diglyceryl Polyacyladipate-2, Glycerin, Ceteareth-33, PVP, Synthetic Wax, Hydrogenated Microcrystalline Wax, Butyrospermum Parkii Buter Parfum (Fragrance), PEG-40 Hydrogenated Castor Oil, Arachio Alcohol, Kaolin, Copernicia Cerifera Wax, Polyquaternium-11, Beheny Alcohol, Arachidyl Glucoside, Acrylates\/C10-30 Alkyl Acrylate Crosspolymer, Triethanolamine, Ethylhexylglycerin, Phenoxyethanol Caprylyl Glycol, Alpha-Isomethyl Ionone, Citronellol, Eugenol, He Cinnamal, Hydroxycitronellal, Limonene, Linalool.<\/p>\n","protected":false},"excerpt":{"rendered":"<p>D\u00e9couvrez sur notre site ou au salon la cire coiffante La Mate de la collection SWEO.M, adapt\u00e9e \u00e0 tous types de cheveux qui permet un coiffage et la construction d\u2019un look professionnel.<\/p>\n","protected":false},"featured_media":1793,"comment_status":"open","ping_status":"closed","template":"","meta":[],"product_brand":[27],"product_cat":[16],"product_tag":[],"class_list":{"0":"post-938","1":"product","2":"type-product","3":"status-publish","4":"has-post-thumbnail","6":"product_brand-sweo","7":"product_cat-shampoings","9":"first","10":"instock","11":"taxable","12":"shipping-taxable","13":"purchasable","14":"product-type-simple"},"yoast_head":"<!-- This site is optimized with the Yoast SEO plugin v27.4 - https:\/\/yoast.com\/product\/yoast-seo-wordpress\/ -->\n<title>Cire mate Sweo - L&#039;authentique - Barbershop - Coloriste<\/title>\n<meta name=\"description\" content=\"la cire coiffante La Mate de SWEO.M, adapt\u00e9e \u00e0 tous types de cheveux qui permet un coiffage et la construction d\u2019un look professionnel.\" \/>\n<meta name=\"robots\" content=\"index, follow, max-snippet:-1, max-image-preview:large, max-video-preview:-1\" \/>\n<link rel=\"canonical\" href=\"https:\/\/lauthentique-barbershop-coloriste.com\/index.php\/product\/cire-mate-sweo-homme-coiffage\/\" \/>\n<meta property=\"og:locale\" content=\"fr_FR\" \/>\n<meta property=\"og:type\" content=\"article\" \/>\n<meta property=\"og:title\" content=\"Cire mate Sweo - L&#039;authentique - Barbershop - Coloriste\" \/>\n<meta property=\"og:description\" content=\"la cire coiffante La Mate de SWEO.M, adapt\u00e9e \u00e0 tous types de cheveux qui permet un coiffage et la construction d\u2019un look professionnel.\" \/>\n<meta property=\"og:url\" content=\"https:\/\/lauthentique-barbershop-coloriste.com\/index.php\/product\/cire-mate-sweo-homme-coiffage\/\" \/>\n<meta property=\"og:site_name\" content=\"L&#039;authentique - Barbershop - Coloriste\" \/>\n<meta property=\"article:modified_time\" content=\"2026-02-20T15:39:17+00:00\" \/>\n<meta property=\"og:image\" content=\"http:\/\/lauthentique-barbershop-coloriste.com\/wp-content\/uploads\/2025\/08\/CIRE_coiffure-SWEO._150-ML_-_SWEO_1.webp\" \/>\n\t<meta property=\"og:image:width\" content=\"800\" \/>\n\t<meta property=\"og:image:height\" content=\"800\" \/>\n\t<meta property=\"og:image:type\" content=\"image\/webp\" \/>\n<meta name=\"twitter:card\" content=\"summary_large_image\" \/>\n<meta name=\"twitter:label1\" content=\"Dur\u00e9e de lecture estim\u00e9e\" \/>\n\t<meta name=\"twitter:data1\" content=\"2 minutes\" \/>\n<script type=\"application\/ld+json\" class=\"yoast-schema-graph\">{\"@context\":\"https:\\\/\\\/schema.org\",\"@graph\":[{\"@type\":\"WebPage\",\"@id\":\"https:\\\/\\\/lauthentique-barbershop-coloriste.com\\\/index.php\\\/product\\\/cire-mate-sweo-homme-coiffage\\\/\",\"url\":\"https:\\\/\\\/lauthentique-barbershop-coloriste.com\\\/index.php\\\/product\\\/cire-mate-sweo-homme-coiffage\\\/\",\"name\":\"Cire mate Sweo - L&#039;authentique - Barbershop - Coloriste\",\"isPartOf\":{\"@id\":\"https:\\\/\\\/lauthentique-barbershop-coloriste.com\\\/#website\"},\"primaryImageOfPage\":{\"@id\":\"https:\\\/\\\/lauthentique-barbershop-coloriste.com\\\/index.php\\\/product\\\/cire-mate-sweo-homme-coiffage\\\/#primaryimage\"},\"image\":{\"@id\":\"https:\\\/\\\/lauthentique-barbershop-coloriste.com\\\/index.php\\\/product\\\/cire-mate-sweo-homme-coiffage\\\/#primaryimage\"},\"thumbnailUrl\":\"https:\\\/\\\/lauthentique-barbershop-coloriste.com\\\/wp-content\\\/uploads\\\/2026\\\/02\\\/sweo-men-cire-mate-capillaire.jpg\",\"datePublished\":\"2025-08-17T13:04:07+00:00\",\"dateModified\":\"2026-02-20T15:39:17+00:00\",\"description\":\"la cire coiffante La Mate de SWEO.M, adapt\u00e9e \u00e0 tous types de cheveux qui permet un coiffage et la construction d\u2019un look professionnel.\",\"breadcrumb\":{\"@id\":\"https:\\\/\\\/lauthentique-barbershop-coloriste.com\\\/index.php\\\/product\\\/cire-mate-sweo-homme-coiffage\\\/#breadcrumb\"},\"inLanguage\":\"fr-FR\",\"potentialAction\":[{\"@type\":\"ReadAction\",\"target\":[\"https:\\\/\\\/lauthentique-barbershop-coloriste.com\\\/index.php\\\/product\\\/cire-mate-sweo-homme-coiffage\\\/\"]}]},{\"@type\":\"ImageObject\",\"inLanguage\":\"fr-FR\",\"@id\":\"https:\\\/\\\/lauthentique-barbershop-coloriste.com\\\/index.php\\\/product\\\/cire-mate-sweo-homme-coiffage\\\/#primaryimage\",\"url\":\"https:\\\/\\\/lauthentique-barbershop-coloriste.com\\\/wp-content\\\/uploads\\\/2026\\\/02\\\/sweo-men-cire-mate-capillaire.jpg\",\"contentUrl\":\"https:\\\/\\\/lauthentique-barbershop-coloriste.com\\\/wp-content\\\/uploads\\\/2026\\\/02\\\/sweo-men-cire-mate-capillaire.jpg\",\"width\":2048,\"height\":1365},{\"@type\":\"BreadcrumbList\",\"@id\":\"https:\\\/\\\/lauthentique-barbershop-coloriste.com\\\/index.php\\\/product\\\/cire-mate-sweo-homme-coiffage\\\/#breadcrumb\",\"itemListElement\":[{\"@type\":\"ListItem\",\"position\":1,\"name\":\"Home\",\"item\":\"https:\\\/\\\/lauthentique-barbershop-coloriste.com\\\/\"},{\"@type\":\"ListItem\",\"position\":2,\"name\":\"Tous les produits\",\"item\":\"https:\\\/\\\/lauthentique-barbershop-coloriste.com\\\/index.php\\\/tous-les-produits\\\/\"},{\"@type\":\"ListItem\",\"position\":3,\"name\":\"Cire mate Sweo\"}]},{\"@type\":\"WebSite\",\"@id\":\"https:\\\/\\\/lauthentique-barbershop-coloriste.com\\\/#website\",\"url\":\"https:\\\/\\\/lauthentique-barbershop-coloriste.com\\\/\",\"name\":\"L&#039;authentique - Barbershop - Coloriste\",\"description\":\"\",\"publisher\":{\"@id\":\"https:\\\/\\\/lauthentique-barbershop-coloriste.com\\\/#organization\"},\"potentialAction\":[{\"@type\":\"SearchAction\",\"target\":{\"@type\":\"EntryPoint\",\"urlTemplate\":\"https:\\\/\\\/lauthentique-barbershop-coloriste.com\\\/?s={search_term_string}\"},\"query-input\":{\"@type\":\"PropertyValueSpecification\",\"valueRequired\":true,\"valueName\":\"search_term_string\"}}],\"inLanguage\":\"fr-FR\"},{\"@type\":\"Organization\",\"@id\":\"https:\\\/\\\/lauthentique-barbershop-coloriste.com\\\/#organization\",\"name\":\"L&#039;authentique - Barbershop - Coloriste\",\"url\":\"https:\\\/\\\/lauthentique-barbershop-coloriste.com\\\/\",\"logo\":{\"@type\":\"ImageObject\",\"inLanguage\":\"fr-FR\",\"@id\":\"https:\\\/\\\/lauthentique-barbershop-coloriste.com\\\/#\\\/schema\\\/logo\\\/image\\\/\",\"url\":\"https:\\\/\\\/lauthentique-barbershop-coloriste.com\\\/wp-content\\\/uploads\\\/2025\\\/07\\\/cropped-Modern-Brand-Name-Initials-Typography-Logo1-e1752238876590.png\",\"contentUrl\":\"https:\\\/\\\/lauthentique-barbershop-coloriste.com\\\/wp-content\\\/uploads\\\/2025\\\/07\\\/cropped-Modern-Brand-Name-Initials-Typography-Logo1-e1752238876590.png\",\"width\":424,\"height\":177,\"caption\":\"L&#039;authentique - Barbershop - Coloriste\"},\"image\":{\"@id\":\"https:\\\/\\\/lauthentique-barbershop-coloriste.com\\\/#\\\/schema\\\/logo\\\/image\\\/\"}}]}<\/script>\n<!-- \/ Yoast SEO plugin. -->","yoast_head_json":{"title":"Cire mate Sweo - L&#039;authentique - Barbershop - Coloriste","description":"la cire coiffante La Mate de SWEO.M, adapt\u00e9e \u00e0 tous types de cheveux qui permet un coiffage et la construction d\u2019un look professionnel.","robots":{"index":"index","follow":"follow","max-snippet":"max-snippet:-1","max-image-preview":"max-image-preview:large","max-video-preview":"max-video-preview:-1"},"canonical":"https:\/\/lauthentique-barbershop-coloriste.com\/index.php\/product\/cire-mate-sweo-homme-coiffage\/","og_locale":"fr_FR","og_type":"article","og_title":"Cire mate Sweo - L&#039;authentique - Barbershop - Coloriste","og_description":"la cire coiffante La Mate de SWEO.M, adapt\u00e9e \u00e0 tous types de cheveux qui permet un coiffage et la construction d\u2019un look professionnel.","og_url":"https:\/\/lauthentique-barbershop-coloriste.com\/index.php\/product\/cire-mate-sweo-homme-coiffage\/","og_site_name":"L&#039;authentique - Barbershop - Coloriste","article_modified_time":"2026-02-20T15:39:17+00:00","og_image":[{"width":800,"height":800,"url":"http:\/\/lauthentique-barbershop-coloriste.com\/wp-content\/uploads\/2025\/08\/CIRE_coiffure-SWEO._150-ML_-_SWEO_1.webp","type":"image\/webp"}],"twitter_card":"summary_large_image","twitter_misc":{"Dur\u00e9e de lecture estim\u00e9e":"2 minutes"},"schema":{"@context":"https:\/\/schema.org","@graph":[{"@type":"WebPage","@id":"https:\/\/lauthentique-barbershop-coloriste.com\/index.php\/product\/cire-mate-sweo-homme-coiffage\/","url":"https:\/\/lauthentique-barbershop-coloriste.com\/index.php\/product\/cire-mate-sweo-homme-coiffage\/","name":"Cire mate Sweo - L&#039;authentique - Barbershop - Coloriste","isPartOf":{"@id":"https:\/\/lauthentique-barbershop-coloriste.com\/#website"},"primaryImageOfPage":{"@id":"https:\/\/lauthentique-barbershop-coloriste.com\/index.php\/product\/cire-mate-sweo-homme-coiffage\/#primaryimage"},"image":{"@id":"https:\/\/lauthentique-barbershop-coloriste.com\/index.php\/product\/cire-mate-sweo-homme-coiffage\/#primaryimage"},"thumbnailUrl":"https:\/\/lauthentique-barbershop-coloriste.com\/wp-content\/uploads\/2026\/02\/sweo-men-cire-mate-capillaire.jpg","datePublished":"2025-08-17T13:04:07+00:00","dateModified":"2026-02-20T15:39:17+00:00","description":"la cire coiffante La Mate de SWEO.M, adapt\u00e9e \u00e0 tous types de cheveux qui permet un coiffage et la construction d\u2019un look professionnel.","breadcrumb":{"@id":"https:\/\/lauthentique-barbershop-coloriste.com\/index.php\/product\/cire-mate-sweo-homme-coiffage\/#breadcrumb"},"inLanguage":"fr-FR","potentialAction":[{"@type":"ReadAction","target":["https:\/\/lauthentique-barbershop-coloriste.com\/index.php\/product\/cire-mate-sweo-homme-coiffage\/"]}]},{"@type":"ImageObject","inLanguage":"fr-FR","@id":"https:\/\/lauthentique-barbershop-coloriste.com\/index.php\/product\/cire-mate-sweo-homme-coiffage\/#primaryimage","url":"https:\/\/lauthentique-barbershop-coloriste.com\/wp-content\/uploads\/2026\/02\/sweo-men-cire-mate-capillaire.jpg","contentUrl":"https:\/\/lauthentique-barbershop-coloriste.com\/wp-content\/uploads\/2026\/02\/sweo-men-cire-mate-capillaire.jpg","width":2048,"height":1365},{"@type":"BreadcrumbList","@id":"https:\/\/lauthentique-barbershop-coloriste.com\/index.php\/product\/cire-mate-sweo-homme-coiffage\/#breadcrumb","itemListElement":[{"@type":"ListItem","position":1,"name":"Home","item":"https:\/\/lauthentique-barbershop-coloriste.com\/"},{"@type":"ListItem","position":2,"name":"Tous les produits","item":"https:\/\/lauthentique-barbershop-coloriste.com\/index.php\/tous-les-produits\/"},{"@type":"ListItem","position":3,"name":"Cire mate Sweo"}]},{"@type":"WebSite","@id":"https:\/\/lauthentique-barbershop-coloriste.com\/#website","url":"https:\/\/lauthentique-barbershop-coloriste.com\/","name":"L&#039;authentique - Barbershop - Coloriste","description":"","publisher":{"@id":"https:\/\/lauthentique-barbershop-coloriste.com\/#organization"},"potentialAction":[{"@type":"SearchAction","target":{"@type":"EntryPoint","urlTemplate":"https:\/\/lauthentique-barbershop-coloriste.com\/?s={search_term_string}"},"query-input":{"@type":"PropertyValueSpecification","valueRequired":true,"valueName":"search_term_string"}}],"inLanguage":"fr-FR"},{"@type":"Organization","@id":"https:\/\/lauthentique-barbershop-coloriste.com\/#organization","name":"L&#039;authentique - Barbershop - Coloriste","url":"https:\/\/lauthentique-barbershop-coloriste.com\/","logo":{"@type":"ImageObject","inLanguage":"fr-FR","@id":"https:\/\/lauthentique-barbershop-coloriste.com\/#\/schema\/logo\/image\/","url":"https:\/\/lauthentique-barbershop-coloriste.com\/wp-content\/uploads\/2025\/07\/cropped-Modern-Brand-Name-Initials-Typography-Logo1-e1752238876590.png","contentUrl":"https:\/\/lauthentique-barbershop-coloriste.com\/wp-content\/uploads\/2025\/07\/cropped-Modern-Brand-Name-Initials-Typography-Logo1-e1752238876590.png","width":424,"height":177,"caption":"L&#039;authentique - Barbershop - Coloriste"},"image":{"@id":"https:\/\/lauthentique-barbershop-coloriste.com\/#\/schema\/logo\/image\/"}}]}},"jetpack_sharing_enabled":true,"_links":{"self":[{"href":"https:\/\/lauthentique-barbershop-coloriste.com\/index.php\/wp-json\/wp\/v2\/product\/938","targetHints":{"allow":["GET"]}}],"collection":[{"href":"https:\/\/lauthentique-barbershop-coloriste.com\/index.php\/wp-json\/wp\/v2\/product"}],"about":[{"href":"https:\/\/lauthentique-barbershop-coloriste.com\/index.php\/wp-json\/wp\/v2\/types\/product"}],"replies":[{"embeddable":true,"href":"https:\/\/lauthentique-barbershop-coloriste.com\/index.php\/wp-json\/wp\/v2\/comments?post=938"}],"wp:featuredmedia":[{"embeddable":true,"href":"https:\/\/lauthentique-barbershop-coloriste.com\/index.php\/wp-json\/wp\/v2\/media\/1793"}],"wp:attachment":[{"href":"https:\/\/lauthentique-barbershop-coloriste.com\/index.php\/wp-json\/wp\/v2\/media?parent=938"}],"wp:term":[{"taxonomy":"product_brand","embeddable":true,"href":"https:\/\/lauthentique-barbershop-coloriste.com\/index.php\/wp-json\/wp\/v2\/product_brand?post=938"},{"taxonomy":"product_cat","embeddable":true,"href":"https:\/\/lauthentique-barbershop-coloriste.com\/index.php\/wp-json\/wp\/v2\/product_cat?post=938"},{"taxonomy":"product_tag","embeddable":true,"href":"https:\/\/lauthentique-barbershop-coloriste.com\/index.php\/wp-json\/wp\/v2\/product_tag?post=938"}],"curies":[{"name":"wp","href":"https:\/\/api.w.org\/{rel}","templated":true}]}}